{"id":276,"date":"2016-07-16T00:33:34","date_gmt":"2016-07-16T00:33:34","guid":{"rendered":"https:\/\/forteunderwriters.com\/?page_id=276"},"modified":"2022-03-22T18:04:01","modified_gmt":"2022-03-22T18:04:01","slug":"marine-commercial-hull","status":"publish","type":"page","link":"https:\/\/forteunderwriters.com\/pt\/marine-commercial-hull\/","title":{"rendered":"Cascos Mar\u00edtimos Comerciais"},"content":{"rendered":"<p><a href=\"https:\/\/forteunderwriters.com\/wp-content\/uploads\/2022\/03\/forte-Cascos-Mari\u2560utimos-Comerciais.pdf\" target=\"_blank\" rel=\"noopener\">Clique aqui para PDK link<\/a><\/p>\n<p>A FORTE\u00a0\u00e9\u00a0um\u00a0subscritor\u00a0l\u00edder\u00a0na\u00a0Am\u00e9rica\u00a0Latina\u00a0e\u00a0Caribe\u00a0em\u00a0cascos\u00a0comerciais\u00a0e\u00a0interesses\u00a0conexos.<\/p>\n<p>A FORTE\u00a0fornece\u00a0seguros\u00a0e\u00a0resseguros\u00a0para\u00a0todos os\u00a0tipos\u00a0de\u00a0navios,\u00a0incluindo barca\u00e7as,\u00a0carga,\u00a0ferries,\u00a0pesca,\u00a0abastecimento,\u00a0petroleiro,\u00a0rebocadores\u00a0e\u00a0outras\u00a0grandes\u00a0operadoras.<\/p>\n<p>A equipe\u00a0da FORTE\u00a0tem\u00a0a\u00a0experi\u00eancia\u00a0t\u00e9cnica\u00a0para\u00a0desenhar ap\u00f3lices sob medida\u00a0para\u00a0clientes,\u00a0dependendo\u00a0de\u00a0suas\u00a0necessidades\u00a0dentro das regulamenta\u00e7\u00e3o legal do mercado local.<\/p>\n<p>A FORTE\u00a0trabalha\u00a0em\u00a0estreita colabora\u00e7\u00e3o\u00a0com\u00a0subscritores l\u00edderes \u00a0de\u00a0iates\u00a0na\u00a0Europa\u00a0e em\u00a0Londres.<\/p>\n<p>&nbsp;<\/p>\n<p><div class=\"row\"><div class=\"col-sm-6\">\n<p><a href=\"https:\/\/forteunderwriters.com\/wp-content\/uploads\/2016\/07\/ThinkstockPhotos-124572734.jpg\"><img loading=\"lazy\" decoding=\"async\" class=\"alignnone size-full wp-image-303\" src=\"https:\/\/forteunderwriters.com\/wp-content\/uploads\/2016\/07\/ThinkstockPhotos-124572734.jpg\" alt=\"Tug boat\" width=\"725\" height=\"482\" srcset=\"https:\/\/forteunderwriters.com\/wp-content\/uploads\/2016\/07\/ThinkstockPhotos-124572734.jpg 725w, https:\/\/forteunderwriters.com\/wp-content\/uploads\/2016\/07\/ThinkstockPhotos-124572734-768x510.jpg 768w\" sizes=\"auto, (max-width: 725px) 100vw, 725px\" \/><\/a><\/p>\n<p><\/p><\/div><div class=\"col-sm-6\">\n<h4><span style=\"color: #d7df23;\">Produtos<\/span><\/h4>\n<ul>\n<li>Riscos de Constru\u00e7\u00e3o<\/li>\n<li>Casco e Maquin\u00e1rio<\/li>\n<li>Valor Aumentado<\/li>\n<li>Perda de Equipamentos Alugados<\/li>\n<li>Portos e Terminais<\/li>\n<li>Prote\u00e7\u00e3o e Indeniza\u00e7\u00e3o (P&amp;I)<\/li>\n<li>Responsabilidade Legal de Estaleiros de Reparos<\/li>\n<li>Guerra e Terrorismo<\/li>\n<\/ul>\n<p><\/p><\/div><\/div><\/p>","protected":false},"excerpt":{"rendered":"<p>Clique aqui para PDK link A FORTE\u00a0\u00e9\u00a0um\u00a0subscritor\u00a0l\u00edder\u00a0na\u00a0Am\u00e9rica\u00a0Latina\u00a0e\u00a0Caribe\u00a0em\u00a0cascos\u00a0comerciais\u00a0e\u00a0interesses\u00a0conexos. A FORTE\u00a0fornece\u00a0seguros\u00a0e\u00a0resseguros\u00a0para\u00a0todos os\u00a0tipos\u00a0de\u00a0navios,\u00a0incluindo barca\u00e7as,\u00a0carga,\u00a0ferries,\u00a0pesca,\u00a0abastecimento,\u00a0petroleiro,\u00a0rebocadores\u00a0e\u00a0outras\u00a0grandes\u00a0operadoras. A equipe\u00a0da FORTE\u00a0tem\u00a0a\u00a0experi\u00eancia\u00a0t\u00e9cnica\u00a0para\u00a0desenhar ap\u00f3lices sob medida\u00a0para\u00a0clientes,\u00a0dependendo\u00a0de\u00a0suas\u00a0necessidades\u00a0dentro das regulamenta\u00e7\u00e3o legal do mercado local. A FORTE\u00a0trabalha\u00a0em\u00a0estreita colabora\u00e7\u00e3o\u00a0com\u00a0subscritores l\u00edderes \u00a0de\u00a0iates\u00a0na\u00a0Europa\u00a0e em\u00a0Londres. &nbsp;<\/p>\n","protected":false},"author":1,"featured_media":0,"parent":0,"menu_order":0,"comment_status":"closed","ping_status":"closed","template":"","meta":{"_acf_changed":false,"footnotes":""},"class_list":["post-276","page","type-page","status-publish","hentry"],"acf":[],"yoast_head":"<!-- This site is optimized with the Yoast SEO plugin v27.4 - https:\/\/yoast.com\/product\/yoast-seo-wordpress\/ -->\n<title>Cascos Mar\u00edtimos Comerciais - Forte Underwriters<\/title>\n<meta name=\"robots\" content=\"index, follow, max-snippet:-1, max-image-preview:large, max-video-preview:-1\" \/>\n<link rel=\"canonical\" href=\"https:\/\/forteunderwriters.com\/marine-commercial-hull\/\" \/>\n<meta property=\"og:locale\" content=\"pt_PT\" \/>\n<meta property=\"og:type\" content=\"article\" \/>\n<meta property=\"og:title\" content=\"Cascos Mar\u00edtimos Comerciais - Forte Underwriters\" \/>\n<meta property=\"og:description\" content=\"Clique aqui para PDK link A FORTE\u00a0\u00e9\u00a0um\u00a0subscritor\u00a0l\u00edder\u00a0na\u00a0Am\u00e9rica\u00a0Latina\u00a0e\u00a0Caribe\u00a0em\u00a0cascos\u00a0comerciais\u00a0e\u00a0interesses\u00a0conexos. A FORTE\u00a0fornece\u00a0seguros\u00a0e\u00a0resseguros\u00a0para\u00a0todos os\u00a0tipos\u00a0de\u00a0navios,\u00a0incluindo barca\u00e7as,\u00a0carga,\u00a0ferries,\u00a0pesca,\u00a0abastecimento,\u00a0petroleiro,\u00a0rebocadores\u00a0e\u00a0outras\u00a0grandes\u00a0operadoras. A equipe\u00a0da FORTE\u00a0tem\u00a0a\u00a0experi\u00eancia\u00a0t\u00e9cnica\u00a0para\u00a0desenhar ap\u00f3lices sob medida\u00a0para\u00a0clientes,\u00a0dependendo\u00a0de\u00a0suas\u00a0necessidades\u00a0dentro das regulamenta\u00e7\u00e3o legal do mercado local. A FORTE\u00a0trabalha\u00a0em\u00a0estreita colabora\u00e7\u00e3o\u00a0com\u00a0subscritores l\u00edderes \u00a0de\u00a0iates\u00a0na\u00a0Europa\u00a0e em\u00a0Londres. &nbsp;\" \/>\n<meta property=\"og:url\" content=\"https:\/\/forteunderwriters.com\/marine-commercial-hull\/\" \/>\n<meta property=\"og:site_name\" content=\"Forte Underwriters\" \/>\n<meta property=\"article:modified_time\" content=\"2022-03-22T18:04:01+00:00\" \/>\n<meta property=\"og:image\" content=\"https:\/\/forteunderwriters.com\/wp-content\/uploads\/2016\/07\/ThinkstockPhotos-124572734.jpg\" \/>\n<meta name=\"twitter:card\" content=\"summary_large_image\" \/>\n<meta name=\"twitter:label1\" content=\"Tempo estimado de leitura\" \/>\n\t<meta name=\"twitter:data1\" content=\"1 minuto\" \/>\n<script type=\"application\/ld+json\" class=\"yoast-schema-graph\">{\"@context\":\"https:\\\/\\\/schema.org\",\"@graph\":[{\"@type\":\"WebPage\",\"@id\":\"https:\\\/\\\/forteunderwriters.com\\\/marine-commercial-hull\\\/\",\"url\":\"https:\\\/\\\/forteunderwriters.com\\\/marine-commercial-hull\\\/\",\"name\":\"Cascos Mar\u00edtimos Comerciais - Forte Underwriters\",\"isPartOf\":{\"@id\":\"https:\\\/\\\/forteunderwriters.com\\\/es\\\/#website\"},\"primaryImageOfPage\":{\"@id\":\"https:\\\/\\\/forteunderwriters.com\\\/marine-commercial-hull\\\/#primaryimage\"},\"image\":{\"@id\":\"https:\\\/\\\/forteunderwriters.com\\\/marine-commercial-hull\\\/#primaryimage\"},\"thumbnailUrl\":\"https:\\\/\\\/forteunderwriters.com\\\/wp-content\\\/uploads\\\/2016\\\/07\\\/ThinkstockPhotos-124572734.jpg\",\"datePublished\":\"2016-07-16T00:33:34+00:00\",\"dateModified\":\"2022-03-22T18:04:01+00:00\",\"breadcrumb\":{\"@id\":\"https:\\\/\\\/forteunderwriters.com\\\/marine-commercial-hull\\\/#breadcrumb\"},\"inLanguage\":\"pt-PT\",\"potentialAction\":[{\"@type\":\"ReadAction\",\"target\":[\"https:\\\/\\\/forteunderwriters.com\\\/marine-commercial-hull\\\/\"]}]},{\"@type\":\"ImageObject\",\"inLanguage\":\"pt-PT\",\"@id\":\"https:\\\/\\\/forteunderwriters.com\\\/marine-commercial-hull\\\/#primaryimage\",\"url\":\"https:\\\/\\\/forteunderwriters.com\\\/wp-content\\\/uploads\\\/2016\\\/07\\\/ThinkstockPhotos-124572734.jpg\",\"contentUrl\":\"https:\\\/\\\/forteunderwriters.com\\\/wp-content\\\/uploads\\\/2016\\\/07\\\/ThinkstockPhotos-124572734.jpg\"},{\"@type\":\"BreadcrumbList\",\"@id\":\"https:\\\/\\\/forteunderwriters.com\\\/marine-commercial-hull\\\/#breadcrumb\",\"itemListElement\":[{\"@type\":\"ListItem\",\"position\":1,\"name\":\"Home\",\"item\":\"https:\\\/\\\/forteunderwriters.com\\\/es\\\/\"},{\"@type\":\"ListItem\",\"position\":2,\"name\":\"Marine Commercial Hull\"}]},{\"@type\":\"WebSite\",\"@id\":\"https:\\\/\\\/forteunderwriters.com\\\/es\\\/#website\",\"url\":\"https:\\\/\\\/forteunderwriters.com\\\/es\\\/\",\"name\":\"Forte Underwriters\",\"description\":\"\",\"potentialAction\":[{\"@type\":\"SearchAction\",\"target\":{\"@type\":\"EntryPoint\",\"urlTemplate\":\"https:\\\/\\\/forteunderwriters.com\\\/es\\\/?s={search_term_string}\"},\"query-input\":{\"@type\":\"PropertyValueSpecification\",\"valueRequired\":true,\"valueName\":\"search_term_string\"}}],\"inLanguage\":\"pt-PT\"}]}<\/script>\n<!-- \/ Yoast SEO plugin. -->","yoast_head_json":{"title":"Cascos Mar\u00edtimos Comerciais - Forte Underwriters","robots":{"index":"index","follow":"follow","max-snippet":"max-snippet:-1","max-image-preview":"max-image-preview:large","max-video-preview":"max-video-preview:-1"},"canonical":"https:\/\/forteunderwriters.com\/marine-commercial-hull\/","og_locale":"pt_PT","og_type":"article","og_title":"Cascos Mar\u00edtimos Comerciais - Forte Underwriters","og_description":"Clique aqui para PDK link A FORTE\u00a0\u00e9\u00a0um\u00a0subscritor\u00a0l\u00edder\u00a0na\u00a0Am\u00e9rica\u00a0Latina\u00a0e\u00a0Caribe\u00a0em\u00a0cascos\u00a0comerciais\u00a0e\u00a0interesses\u00a0conexos. A FORTE\u00a0fornece\u00a0seguros\u00a0e\u00a0resseguros\u00a0para\u00a0todos os\u00a0tipos\u00a0de\u00a0navios,\u00a0incluindo barca\u00e7as,\u00a0carga,\u00a0ferries,\u00a0pesca,\u00a0abastecimento,\u00a0petroleiro,\u00a0rebocadores\u00a0e\u00a0outras\u00a0grandes\u00a0operadoras. A equipe\u00a0da FORTE\u00a0tem\u00a0a\u00a0experi\u00eancia\u00a0t\u00e9cnica\u00a0para\u00a0desenhar ap\u00f3lices sob medida\u00a0para\u00a0clientes,\u00a0dependendo\u00a0de\u00a0suas\u00a0necessidades\u00a0dentro das regulamenta\u00e7\u00e3o legal do mercado local. A FORTE\u00a0trabalha\u00a0em\u00a0estreita colabora\u00e7\u00e3o\u00a0com\u00a0subscritores l\u00edderes \u00a0de\u00a0iates\u00a0na\u00a0Europa\u00a0e em\u00a0Londres. &nbsp;","og_url":"https:\/\/forteunderwriters.com\/marine-commercial-hull\/","og_site_name":"Forte Underwriters","article_modified_time":"2022-03-22T18:04:01+00:00","og_image":[{"url":"https:\/\/forteunderwriters.com\/wp-content\/uploads\/2016\/07\/ThinkstockPhotos-124572734.jpg","type":"","width":"","height":""}],"twitter_card":"summary_large_image","twitter_misc":{"Tempo estimado de leitura":"1 minuto"},"schema":{"@context":"https:\/\/schema.org","@graph":[{"@type":"WebPage","@id":"https:\/\/forteunderwriters.com\/marine-commercial-hull\/","url":"https:\/\/forteunderwriters.com\/marine-commercial-hull\/","name":"Cascos Mar\u00edtimos Comerciais - Forte Underwriters","isPartOf":{"@id":"https:\/\/forteunderwriters.com\/es\/#website"},"primaryImageOfPage":{"@id":"https:\/\/forteunderwriters.com\/marine-commercial-hull\/#primaryimage"},"image":{"@id":"https:\/\/forteunderwriters.com\/marine-commercial-hull\/#primaryimage"},"thumbnailUrl":"https:\/\/forteunderwriters.com\/wp-content\/uploads\/2016\/07\/ThinkstockPhotos-124572734.jpg","datePublished":"2016-07-16T00:33:34+00:00","dateModified":"2022-03-22T18:04:01+00:00","breadcrumb":{"@id":"https:\/\/forteunderwriters.com\/marine-commercial-hull\/#breadcrumb"},"inLanguage":"pt-PT","potentialAction":[{"@type":"ReadAction","target":["https:\/\/forteunderwriters.com\/marine-commercial-hull\/"]}]},{"@type":"ImageObject","inLanguage":"pt-PT","@id":"https:\/\/forteunderwriters.com\/marine-commercial-hull\/#primaryimage","url":"https:\/\/forteunderwriters.com\/wp-content\/uploads\/2016\/07\/ThinkstockPhotos-124572734.jpg","contentUrl":"https:\/\/forteunderwriters.com\/wp-content\/uploads\/2016\/07\/ThinkstockPhotos-124572734.jpg"},{"@type":"BreadcrumbList","@id":"https:\/\/forteunderwriters.com\/marine-commercial-hull\/#breadcrumb","itemListElement":[{"@type":"ListItem","position":1,"name":"Home","item":"https:\/\/forteunderwriters.com\/es\/"},{"@type":"ListItem","position":2,"name":"Marine Commercial Hull"}]},{"@type":"WebSite","@id":"https:\/\/forteunderwriters.com\/es\/#website","url":"https:\/\/forteunderwriters.com\/es\/","name":"Forte Underwriters","description":"","potentialAction":[{"@type":"SearchAction","target":{"@type":"EntryPoint","urlTemplate":"https:\/\/forteunderwriters.com\/es\/?s={search_term_string}"},"query-input":{"@type":"PropertyValueSpecification","valueRequired":true,"valueName":"search_term_string"}}],"inLanguage":"pt-PT"}]}},"_links":{"self":[{"href":"https:\/\/forteunderwriters.com\/pt\/wp-json\/wp\/v2\/pages\/276","targetHints":{"allow":["GET"]}}],"collection":[{"href":"https:\/\/forteunderwriters.com\/pt\/wp-json\/wp\/v2\/pages"}],"about":[{"href":"https:\/\/forteunderwriters.com\/pt\/wp-json\/wp\/v2\/types\/page"}],"author":[{"embeddable":true,"href":"https:\/\/forteunderwriters.com\/pt\/wp-json\/wp\/v2\/users\/1"}],"replies":[{"embeddable":true,"href":"https:\/\/forteunderwriters.com\/pt\/wp-json\/wp\/v2\/comments?post=276"}],"version-history":[{"count":10,"href":"https:\/\/forteunderwriters.com\/pt\/wp-json\/wp\/v2\/pages\/276\/revisions"}],"predecessor-version":[{"id":530,"href":"https:\/\/forteunderwriters.com\/pt\/wp-json\/wp\/v2\/pages\/276\/revisions\/530"}],"wp:attachment":[{"href":"https:\/\/forteunderwriters.com\/pt\/wp-json\/wp\/v2\/media?parent=276"}],"curies":[{"name":"wp","href":"https:\/\/api.w.org\/{rel}","templated":true}]}}