{"id":274,"date":"2016-07-16T00:33:18","date_gmt":"2016-07-16T00:33:18","guid":{"rendered":"https:\/\/forteunderwriters.com\/?page_id=274"},"modified":"2022-03-22T18:03:00","modified_gmt":"2022-03-22T18:03:00","slug":"marine-cargo","status":"publish","type":"page","link":"https:\/\/forteunderwriters.com\/pt\/marine-cargo\/","title":{"rendered":"Transportes Mar\u00edtimos"},"content":{"rendered":"<p><a href=\"https:\/\/forteunderwriters.com\/wp-content\/uploads\/2022\/03\/forte-Cascos-Mari\u2560utimos.pdf\" target=\"_blank\" rel=\"noopener\">Click here for PDK Link<\/a><\/p>\n<p>A FORTE fornece suporte de resseguro facultativo para uma ampla gama de riscos de carga \/ transporte na Am\u00e9rica Latina e no Caribe.<\/p>\n<p>A capacidade subscri\u00e7\u00e3o de FORTE vem de seguradoras e resseguradoras tanto na Europa como em Londres.<\/p>\n<p><div class=\"row\"><div class=\"col-sm-6\">\n<p><a href=\"https:\/\/forteunderwriters.com\/wp-content\/uploads\/2016\/07\/ThinkstockPhotos-480550180.jpg\"><img loading=\"lazy\" decoding=\"async\" class=\"alignnone wp-image-332 size-large\" src=\"https:\/\/forteunderwriters.com\/wp-content\/uploads\/2016\/07\/ThinkstockPhotos-480550180-1024x1024.jpg\" width=\"770\" height=\"770\" srcset=\"https:\/\/forteunderwriters.com\/wp-content\/uploads\/2016\/07\/ThinkstockPhotos-480550180-1024x1024.jpg 1024w, https:\/\/forteunderwriters.com\/wp-content\/uploads\/2016\/07\/ThinkstockPhotos-480550180-150x150.jpg 150w, https:\/\/forteunderwriters.com\/wp-content\/uploads\/2016\/07\/ThinkstockPhotos-480550180-300x300.jpg 300w\" sizes=\"auto, (max-width: 770px) 100vw, 770px\" \/><\/a><\/p>\n<p><\/p><\/div><div class=\"col-sm-6\">\n<h4><span style=\"color: #d7df23;\">Produtos<\/span><\/h4>\n<ul>\n<li>Todos os Programas de Armazenagem e Transito<\/li>\n<li>Ap\u00f3lices de Estoque em Tr\u00e2nsito (Stock Throughput)<\/li>\n<li>Responsabilidade dos Caminhoneiros<\/li>\n<li>Projetos de Transporte (incluindo atraso no in\u00edcio de opera\u00e7\u00f5es)<\/li>\n<li>Risco de Guerra<\/li>\n<li>Commodities<\/li>\n<li>Produtos Qu\u00edmicos<\/li>\n<li>Maquin\u00e1rio<\/li>\n<li>Metais Pesados<\/li>\n<li>\u00d3leo<\/li>\n<li>Objetos de Arte e Exposi\u00e7\u00f5es<\/li>\n<li>Metais Preciosos<\/li>\n<li>Perda Decorrentes (mar\u00edtimo ou lucros cessantes)<\/li>\n<\/ul>\n<p><\/p><\/div><\/div><\/p>","protected":false},"excerpt":{"rendered":"<p>Click here for PDK Link A FORTE fornece suporte de resseguro facultativo para uma ampla gama de riscos de carga \/ transporte na Am\u00e9rica Latina e no Caribe. A capacidade subscri\u00e7\u00e3o de FORTE vem de seguradoras e resseguradoras tanto na Europa como em Londres.<\/p>\n","protected":false},"author":1,"featured_media":0,"parent":0,"menu_order":0,"comment_status":"closed","ping_status":"closed","template":"","meta":{"_acf_changed":false,"footnotes":""},"class_list":["post-274","page","type-page","status-publish","hentry"],"acf":[],"yoast_head":"<!-- This site is optimized with the Yoast SEO plugin v27.4 - https:\/\/yoast.com\/product\/yoast-seo-wordpress\/ -->\n<title>Transportes Mar\u00edtimos - Forte Underwriters<\/title>\n<meta name=\"robots\" content=\"index, follow, max-snippet:-1, max-image-preview:large, max-video-preview:-1\" \/>\n<link rel=\"canonical\" href=\"https:\/\/forteunderwriters.com\/pt\/marine-cargo\/\" \/>\n<meta property=\"og:locale\" content=\"pt_PT\" \/>\n<meta property=\"og:type\" content=\"article\" \/>\n<meta property=\"og:title\" content=\"Transportes Mar\u00edtimos - Forte Underwriters\" \/>\n<meta property=\"og:description\" content=\"Click here for PDK Link A FORTE fornece suporte de resseguro facultativo para uma ampla gama de riscos de carga \/ transporte na Am\u00e9rica Latina e no Caribe. A capacidade subscri\u00e7\u00e3o de FORTE vem de seguradoras e resseguradoras tanto na Europa como em Londres.\" \/>\n<meta property=\"og:url\" content=\"https:\/\/forteunderwriters.com\/pt\/marine-cargo\/\" \/>\n<meta property=\"og:site_name\" content=\"Forte Underwriters\" \/>\n<meta property=\"article:modified_time\" content=\"2022-03-22T18:03:00+00:00\" \/>\n<meta property=\"og:image\" content=\"https:\/\/forteunderwriters.com\/wp-content\/uploads\/2016\/07\/ThinkstockPhotos-480550180-1024x1024.jpg\" \/>\n<meta name=\"twitter:card\" content=\"summary_large_image\" \/>\n<meta name=\"twitter:label1\" content=\"Tempo estimado de leitura\" \/>\n\t<meta name=\"twitter:data1\" content=\"1 minuto\" \/>\n<script type=\"application\/ld+json\" class=\"yoast-schema-graph\">{\"@context\":\"https:\\\/\\\/schema.org\",\"@graph\":[{\"@type\":\"WebPage\",\"@id\":\"https:\\\/\\\/forteunderwriters.com\\\/pt\\\/marine-cargo\\\/\",\"url\":\"https:\\\/\\\/forteunderwriters.com\\\/pt\\\/marine-cargo\\\/\",\"name\":\"Transportes Mar\u00edtimos - Forte Underwriters\",\"isPartOf\":{\"@id\":\"https:\\\/\\\/forteunderwriters.com\\\/es\\\/#website\"},\"primaryImageOfPage\":{\"@id\":\"https:\\\/\\\/forteunderwriters.com\\\/pt\\\/marine-cargo\\\/#primaryimage\"},\"image\":{\"@id\":\"https:\\\/\\\/forteunderwriters.com\\\/pt\\\/marine-cargo\\\/#primaryimage\"},\"thumbnailUrl\":\"https:\\\/\\\/forteunderwriters.com\\\/wp-content\\\/uploads\\\/2016\\\/07\\\/ThinkstockPhotos-480550180-1024x1024.jpg\",\"datePublished\":\"2016-07-16T00:33:18+00:00\",\"dateModified\":\"2022-03-22T18:03:00+00:00\",\"breadcrumb\":{\"@id\":\"https:\\\/\\\/forteunderwriters.com\\\/pt\\\/marine-cargo\\\/#breadcrumb\"},\"inLanguage\":\"pt-PT\",\"potentialAction\":[{\"@type\":\"ReadAction\",\"target\":[\"https:\\\/\\\/forteunderwriters.com\\\/pt\\\/marine-cargo\\\/\"]}]},{\"@type\":\"ImageObject\",\"inLanguage\":\"pt-PT\",\"@id\":\"https:\\\/\\\/forteunderwriters.com\\\/pt\\\/marine-cargo\\\/#primaryimage\",\"url\":\"https:\\\/\\\/forteunderwriters.com\\\/wp-content\\\/uploads\\\/2016\\\/07\\\/ThinkstockPhotos-480550180-1024x1024.jpg\",\"contentUrl\":\"https:\\\/\\\/forteunderwriters.com\\\/wp-content\\\/uploads\\\/2016\\\/07\\\/ThinkstockPhotos-480550180-1024x1024.jpg\"},{\"@type\":\"BreadcrumbList\",\"@id\":\"https:\\\/\\\/forteunderwriters.com\\\/pt\\\/marine-cargo\\\/#breadcrumb\",\"itemListElement\":[{\"@type\":\"ListItem\",\"position\":1,\"name\":\"Home\",\"item\":\"https:\\\/\\\/forteunderwriters.com\\\/es\\\/\"},{\"@type\":\"ListItem\",\"position\":2,\"name\":\"Transportes Mar\u00edtimos\"}]},{\"@type\":\"WebSite\",\"@id\":\"https:\\\/\\\/forteunderwriters.com\\\/es\\\/#website\",\"url\":\"https:\\\/\\\/forteunderwriters.com\\\/es\\\/\",\"name\":\"Forte Underwriters\",\"description\":\"\",\"potentialAction\":[{\"@type\":\"SearchAction\",\"target\":{\"@type\":\"EntryPoint\",\"urlTemplate\":\"https:\\\/\\\/forteunderwriters.com\\\/es\\\/?s={search_term_string}\"},\"query-input\":{\"@type\":\"PropertyValueSpecification\",\"valueRequired\":true,\"valueName\":\"search_term_string\"}}],\"inLanguage\":\"pt-PT\"}]}<\/script>\n<!-- \/ Yoast SEO plugin. -->","yoast_head_json":{"title":"Transportes Mar\u00edtimos - Forte Underwriters","robots":{"index":"index","follow":"follow","max-snippet":"max-snippet:-1","max-image-preview":"max-image-preview:large","max-video-preview":"max-video-preview:-1"},"canonical":"https:\/\/forteunderwriters.com\/pt\/marine-cargo\/","og_locale":"pt_PT","og_type":"article","og_title":"Transportes Mar\u00edtimos - Forte Underwriters","og_description":"Click here for PDK Link A FORTE fornece suporte de resseguro facultativo para uma ampla gama de riscos de carga \/ transporte na Am\u00e9rica Latina e no Caribe. A capacidade subscri\u00e7\u00e3o de FORTE vem de seguradoras e resseguradoras tanto na Europa como em Londres.","og_url":"https:\/\/forteunderwriters.com\/pt\/marine-cargo\/","og_site_name":"Forte Underwriters","article_modified_time":"2022-03-22T18:03:00+00:00","og_image":[{"url":"https:\/\/forteunderwriters.com\/wp-content\/uploads\/2016\/07\/ThinkstockPhotos-480550180-1024x1024.jpg","type":"","width":"","height":""}],"twitter_card":"summary_large_image","twitter_misc":{"Tempo estimado de leitura":"1 minuto"},"schema":{"@context":"https:\/\/schema.org","@graph":[{"@type":"WebPage","@id":"https:\/\/forteunderwriters.com\/pt\/marine-cargo\/","url":"https:\/\/forteunderwriters.com\/pt\/marine-cargo\/","name":"Transportes Mar\u00edtimos - Forte Underwriters","isPartOf":{"@id":"https:\/\/forteunderwriters.com\/es\/#website"},"primaryImageOfPage":{"@id":"https:\/\/forteunderwriters.com\/pt\/marine-cargo\/#primaryimage"},"image":{"@id":"https:\/\/forteunderwriters.com\/pt\/marine-cargo\/#primaryimage"},"thumbnailUrl":"https:\/\/forteunderwriters.com\/wp-content\/uploads\/2016\/07\/ThinkstockPhotos-480550180-1024x1024.jpg","datePublished":"2016-07-16T00:33:18+00:00","dateModified":"2022-03-22T18:03:00+00:00","breadcrumb":{"@id":"https:\/\/forteunderwriters.com\/pt\/marine-cargo\/#breadcrumb"},"inLanguage":"pt-PT","potentialAction":[{"@type":"ReadAction","target":["https:\/\/forteunderwriters.com\/pt\/marine-cargo\/"]}]},{"@type":"ImageObject","inLanguage":"pt-PT","@id":"https:\/\/forteunderwriters.com\/pt\/marine-cargo\/#primaryimage","url":"https:\/\/forteunderwriters.com\/wp-content\/uploads\/2016\/07\/ThinkstockPhotos-480550180-1024x1024.jpg","contentUrl":"https:\/\/forteunderwriters.com\/wp-content\/uploads\/2016\/07\/ThinkstockPhotos-480550180-1024x1024.jpg"},{"@type":"BreadcrumbList","@id":"https:\/\/forteunderwriters.com\/pt\/marine-cargo\/#breadcrumb","itemListElement":[{"@type":"ListItem","position":1,"name":"Home","item":"https:\/\/forteunderwriters.com\/es\/"},{"@type":"ListItem","position":2,"name":"Transportes Mar\u00edtimos"}]},{"@type":"WebSite","@id":"https:\/\/forteunderwriters.com\/es\/#website","url":"https:\/\/forteunderwriters.com\/es\/","name":"Forte Underwriters","description":"","potentialAction":[{"@type":"SearchAction","target":{"@type":"EntryPoint","urlTemplate":"https:\/\/forteunderwriters.com\/es\/?s={search_term_string}"},"query-input":{"@type":"PropertyValueSpecification","valueRequired":true,"valueName":"search_term_string"}}],"inLanguage":"pt-PT"}]}},"_links":{"self":[{"href":"https:\/\/forteunderwriters.com\/pt\/wp-json\/wp\/v2\/pages\/274","targetHints":{"allow":["GET"]}}],"collection":[{"href":"https:\/\/forteunderwriters.com\/pt\/wp-json\/wp\/v2\/pages"}],"about":[{"href":"https:\/\/forteunderwriters.com\/pt\/wp-json\/wp\/v2\/types\/page"}],"author":[{"embeddable":true,"href":"https:\/\/forteunderwriters.com\/pt\/wp-json\/wp\/v2\/users\/1"}],"replies":[{"embeddable":true,"href":"https:\/\/forteunderwriters.com\/pt\/wp-json\/wp\/v2\/comments?post=274"}],"version-history":[{"count":10,"href":"https:\/\/forteunderwriters.com\/pt\/wp-json\/wp\/v2\/pages\/274\/revisions"}],"predecessor-version":[{"id":528,"href":"https:\/\/forteunderwriters.com\/pt\/wp-json\/wp\/v2\/pages\/274\/revisions\/528"}],"wp:attachment":[{"href":"https:\/\/forteunderwriters.com\/pt\/wp-json\/wp\/v2\/media?parent=274"}],"curies":[{"name":"wp","href":"https:\/\/api.w.org\/{rel}","templated":true}]}}