{"id":236,"date":"2015-08-31T16:52:14","date_gmt":"2015-08-31T16:52:14","guid":{"rendered":"https:\/\/forteunderwriters.com\/?page_id=236"},"modified":"2022-03-22T18:04:48","modified_gmt":"2022-03-22T18:04:48","slug":"yachts","status":"publish","type":"page","link":"https:\/\/forteunderwriters.com\/pt\/yachts\/","title":{"rendered":"IATES"},"content":{"rendered":"<p><a href=\"https:\/\/forteunderwriters.com\/wp-content\/uploads\/2022\/03\/forte-Iates.pdf\" target=\"_blank\" rel=\"noopener\">Clique aqui para PDK link<\/a><\/p>\n<p>A FORTE\u00a0tem\u00a0uma carteira\u00a0significativa de seguros\u00a0e\u00a0resseguros\u00a0de iates na\u00a0Am\u00e9rica\u00a0Latina\u00a0e\u00a0no\u00a0Caribe.<\/p>\n<p>A FORTE\u00a0fornece\u00a0seguros\u00a0e\u00a0resseguros\u00a0para\u00a0todos os\u00a0tipos\u00a0de\u00a0navios,\u00a0incluindo os\u00a0&#8216;mega-iates&#8217;.<\/p>\n<p>A equipe\u00a0da FORTE\u00a0tem\u00a0a\u00a0experi\u00eancia\u00a0t\u00e9cnica\u00a0para\u00a0desenhar ap\u00f3lices sob medida\u00a0para\u00a0clientes,\u00a0dependendo\u00a0de\u00a0suas\u00a0necessidades\u00a0dentro das regulamenta\u00e7\u00e3o legal do mercado local.<\/p>\n<p>A FORTE\u00a0trabalha\u00a0em\u00a0estreita colabora\u00e7\u00e3o\u00a0com\u00a0subscritores l\u00edderes \u00a0de\u00a0iates\u00a0na\u00a0Europa\u00a0e\u00a0em Londres.<\/p>\n<p>&nbsp;<\/p>\n<p><div class=\"row\"><div class=\"col-sm-6\">\n<p><a href=\"https:\/\/forteunderwriters.com\/wp-content\/uploads\/2015\/08\/ThinkstockPhotos-527551248.jpg\"><img loading=\"lazy\" decoding=\"async\" class=\"alignnone wp-image-307 size-full\" src=\"https:\/\/forteunderwriters.com\/wp-content\/uploads\/2015\/08\/ThinkstockPhotos-527551248.jpg\" width=\"724\" height=\"483\" srcset=\"https:\/\/forteunderwriters.com\/wp-content\/uploads\/2015\/08\/ThinkstockPhotos-527551248.jpg 724w, https:\/\/forteunderwriters.com\/wp-content\/uploads\/2015\/08\/ThinkstockPhotos-527551248-768x512.jpg 768w\" sizes=\"auto, (max-width: 724px) 100vw, 724px\" \/><\/a><\/p>\n<p><\/p><\/div><div class=\"col-sm-6\">\n<h4><span style=\"color: #d7df23;\"><strong>Produtos<\/strong><\/span><\/h4>\n<ul>\n<li>Casco e Maquin\u00e1rio<\/li>\n<li>Valor Aumentado<\/li>\n<li>Despesas M\u00e9dicas<\/li>\n<li>Seguro de Acidente Pessoal<\/li>\n<li>Prote\u00e7\u00e3o e Indeniza\u00e7\u00e3o (P&amp;I)<\/li>\n<li>Guerra e Terrorismo<\/li>\n<\/ul>\n<p><\/p><\/div><\/div><\/p>","protected":false},"excerpt":{"rendered":"<p>Clique aqui para PDK link A FORTE\u00a0tem\u00a0uma carteira\u00a0significativa de seguros\u00a0e\u00a0resseguros\u00a0de iates na\u00a0Am\u00e9rica\u00a0Latina\u00a0e\u00a0no\u00a0Caribe. A FORTE\u00a0fornece\u00a0seguros\u00a0e\u00a0resseguros\u00a0para\u00a0todos os\u00a0tipos\u00a0de\u00a0navios,\u00a0incluindo os\u00a0&#8216;mega-iates&#8217;. A equipe\u00a0da FORTE\u00a0tem\u00a0a\u00a0experi\u00eancia\u00a0t\u00e9cnica\u00a0para\u00a0desenhar ap\u00f3lices sob medida\u00a0para\u00a0clientes,\u00a0dependendo\u00a0de\u00a0suas\u00a0necessidades\u00a0dentro das regulamenta\u00e7\u00e3o legal do mercado local. A FORTE\u00a0trabalha\u00a0em\u00a0estreita colabora\u00e7\u00e3o\u00a0com\u00a0subscritores l\u00edderes \u00a0de\u00a0iates\u00a0na\u00a0Europa\u00a0e\u00a0em Londres. &nbsp;<\/p>\n","protected":false},"author":1,"featured_media":0,"parent":0,"menu_order":0,"comment_status":"closed","ping_status":"closed","template":"","meta":{"_acf_changed":false,"footnotes":""},"class_list":["post-236","page","type-page","status-publish","hentry"],"acf":[],"yoast_head":"<!-- This site is optimized with the Yoast SEO plugin v27.4 - https:\/\/yoast.com\/product\/yoast-seo-wordpress\/ -->\n<title>IATES - Forte Underwriters<\/title>\n<meta name=\"robots\" content=\"index, follow, max-snippet:-1, max-image-preview:large, max-video-preview:-1\" \/>\n<link rel=\"canonical\" href=\"https:\/\/forteunderwriters.com\/pt\/yachts\/\" \/>\n<meta property=\"og:locale\" content=\"pt_PT\" \/>\n<meta property=\"og:type\" content=\"article\" \/>\n<meta property=\"og:title\" content=\"IATES - Forte Underwriters\" \/>\n<meta property=\"og:description\" content=\"Clique aqui para PDK link A FORTE\u00a0tem\u00a0uma carteira\u00a0significativa de seguros\u00a0e\u00a0resseguros\u00a0de iates na\u00a0Am\u00e9rica\u00a0Latina\u00a0e\u00a0no\u00a0Caribe. A FORTE\u00a0fornece\u00a0seguros\u00a0e\u00a0resseguros\u00a0para\u00a0todos os\u00a0tipos\u00a0de\u00a0navios,\u00a0incluindo os\u00a0&#8216;mega-iates&#8217;. A equipe\u00a0da FORTE\u00a0tem\u00a0a\u00a0experi\u00eancia\u00a0t\u00e9cnica\u00a0para\u00a0desenhar ap\u00f3lices sob medida\u00a0para\u00a0clientes,\u00a0dependendo\u00a0de\u00a0suas\u00a0necessidades\u00a0dentro das regulamenta\u00e7\u00e3o legal do mercado local. A FORTE\u00a0trabalha\u00a0em\u00a0estreita colabora\u00e7\u00e3o\u00a0com\u00a0subscritores l\u00edderes \u00a0de\u00a0iates\u00a0na\u00a0Europa\u00a0e\u00a0em Londres. &nbsp;\" \/>\n<meta property=\"og:url\" content=\"https:\/\/forteunderwriters.com\/pt\/yachts\/\" \/>\n<meta property=\"og:site_name\" content=\"Forte Underwriters\" \/>\n<meta property=\"article:modified_time\" content=\"2022-03-22T18:04:48+00:00\" \/>\n<meta property=\"og:image\" content=\"https:\/\/forteunderwriters.com\/wp-content\/uploads\/2015\/08\/ThinkstockPhotos-527551248.jpg\" \/>\n<meta name=\"twitter:card\" content=\"summary_large_image\" \/>\n<meta name=\"twitter:label1\" content=\"Tempo estimado de leitura\" \/>\n\t<meta name=\"twitter:data1\" content=\"1 minuto\" \/>\n<script type=\"application\/ld+json\" class=\"yoast-schema-graph\">{\"@context\":\"https:\\\/\\\/schema.org\",\"@graph\":[{\"@type\":\"WebPage\",\"@id\":\"https:\\\/\\\/forteunderwriters.com\\\/pt\\\/yachts\\\/\",\"url\":\"https:\\\/\\\/forteunderwriters.com\\\/pt\\\/yachts\\\/\",\"name\":\"IATES - Forte Underwriters\",\"isPartOf\":{\"@id\":\"https:\\\/\\\/forteunderwriters.com\\\/es\\\/#website\"},\"primaryImageOfPage\":{\"@id\":\"https:\\\/\\\/forteunderwriters.com\\\/pt\\\/yachts\\\/#primaryimage\"},\"image\":{\"@id\":\"https:\\\/\\\/forteunderwriters.com\\\/pt\\\/yachts\\\/#primaryimage\"},\"thumbnailUrl\":\"https:\\\/\\\/forteunderwriters.com\\\/wp-content\\\/uploads\\\/2015\\\/08\\\/ThinkstockPhotos-527551248.jpg\",\"datePublished\":\"2015-08-31T16:52:14+00:00\",\"dateModified\":\"2022-03-22T18:04:48+00:00\",\"breadcrumb\":{\"@id\":\"https:\\\/\\\/forteunderwriters.com\\\/pt\\\/yachts\\\/#breadcrumb\"},\"inLanguage\":\"pt-PT\",\"potentialAction\":[{\"@type\":\"ReadAction\",\"target\":[\"https:\\\/\\\/forteunderwriters.com\\\/pt\\\/yachts\\\/\"]}]},{\"@type\":\"ImageObject\",\"inLanguage\":\"pt-PT\",\"@id\":\"https:\\\/\\\/forteunderwriters.com\\\/pt\\\/yachts\\\/#primaryimage\",\"url\":\"https:\\\/\\\/forteunderwriters.com\\\/wp-content\\\/uploads\\\/2015\\\/08\\\/ThinkstockPhotos-527551248.jpg\",\"contentUrl\":\"https:\\\/\\\/forteunderwriters.com\\\/wp-content\\\/uploads\\\/2015\\\/08\\\/ThinkstockPhotos-527551248.jpg\"},{\"@type\":\"BreadcrumbList\",\"@id\":\"https:\\\/\\\/forteunderwriters.com\\\/pt\\\/yachts\\\/#breadcrumb\",\"itemListElement\":[{\"@type\":\"ListItem\",\"position\":1,\"name\":\"Home\",\"item\":\"https:\\\/\\\/forteunderwriters.com\\\/es\\\/\"},{\"@type\":\"ListItem\",\"position\":2,\"name\":\"IATES\"}]},{\"@type\":\"WebSite\",\"@id\":\"https:\\\/\\\/forteunderwriters.com\\\/es\\\/#website\",\"url\":\"https:\\\/\\\/forteunderwriters.com\\\/es\\\/\",\"name\":\"Forte Underwriters\",\"description\":\"\",\"potentialAction\":[{\"@type\":\"SearchAction\",\"target\":{\"@type\":\"EntryPoint\",\"urlTemplate\":\"https:\\\/\\\/forteunderwriters.com\\\/es\\\/?s={search_term_string}\"},\"query-input\":{\"@type\":\"PropertyValueSpecification\",\"valueRequired\":true,\"valueName\":\"search_term_string\"}}],\"inLanguage\":\"pt-PT\"}]}<\/script>\n<!-- \/ Yoast SEO plugin. -->","yoast_head_json":{"title":"IATES - Forte Underwriters","robots":{"index":"index","follow":"follow","max-snippet":"max-snippet:-1","max-image-preview":"max-image-preview:large","max-video-preview":"max-video-preview:-1"},"canonical":"https:\/\/forteunderwriters.com\/pt\/yachts\/","og_locale":"pt_PT","og_type":"article","og_title":"IATES - Forte Underwriters","og_description":"Clique aqui para PDK link A FORTE\u00a0tem\u00a0uma carteira\u00a0significativa de seguros\u00a0e\u00a0resseguros\u00a0de iates na\u00a0Am\u00e9rica\u00a0Latina\u00a0e\u00a0no\u00a0Caribe. A FORTE\u00a0fornece\u00a0seguros\u00a0e\u00a0resseguros\u00a0para\u00a0todos os\u00a0tipos\u00a0de\u00a0navios,\u00a0incluindo os\u00a0&#8216;mega-iates&#8217;. A equipe\u00a0da FORTE\u00a0tem\u00a0a\u00a0experi\u00eancia\u00a0t\u00e9cnica\u00a0para\u00a0desenhar ap\u00f3lices sob medida\u00a0para\u00a0clientes,\u00a0dependendo\u00a0de\u00a0suas\u00a0necessidades\u00a0dentro das regulamenta\u00e7\u00e3o legal do mercado local. A FORTE\u00a0trabalha\u00a0em\u00a0estreita colabora\u00e7\u00e3o\u00a0com\u00a0subscritores l\u00edderes \u00a0de\u00a0iates\u00a0na\u00a0Europa\u00a0e\u00a0em Londres. &nbsp;","og_url":"https:\/\/forteunderwriters.com\/pt\/yachts\/","og_site_name":"Forte Underwriters","article_modified_time":"2022-03-22T18:04:48+00:00","og_image":[{"url":"https:\/\/forteunderwriters.com\/wp-content\/uploads\/2015\/08\/ThinkstockPhotos-527551248.jpg","type":"","width":"","height":""}],"twitter_card":"summary_large_image","twitter_misc":{"Tempo estimado de leitura":"1 minuto"},"schema":{"@context":"https:\/\/schema.org","@graph":[{"@type":"WebPage","@id":"https:\/\/forteunderwriters.com\/pt\/yachts\/","url":"https:\/\/forteunderwriters.com\/pt\/yachts\/","name":"IATES - Forte Underwriters","isPartOf":{"@id":"https:\/\/forteunderwriters.com\/es\/#website"},"primaryImageOfPage":{"@id":"https:\/\/forteunderwriters.com\/pt\/yachts\/#primaryimage"},"image":{"@id":"https:\/\/forteunderwriters.com\/pt\/yachts\/#primaryimage"},"thumbnailUrl":"https:\/\/forteunderwriters.com\/wp-content\/uploads\/2015\/08\/ThinkstockPhotos-527551248.jpg","datePublished":"2015-08-31T16:52:14+00:00","dateModified":"2022-03-22T18:04:48+00:00","breadcrumb":{"@id":"https:\/\/forteunderwriters.com\/pt\/yachts\/#breadcrumb"},"inLanguage":"pt-PT","potentialAction":[{"@type":"ReadAction","target":["https:\/\/forteunderwriters.com\/pt\/yachts\/"]}]},{"@type":"ImageObject","inLanguage":"pt-PT","@id":"https:\/\/forteunderwriters.com\/pt\/yachts\/#primaryimage","url":"https:\/\/forteunderwriters.com\/wp-content\/uploads\/2015\/08\/ThinkstockPhotos-527551248.jpg","contentUrl":"https:\/\/forteunderwriters.com\/wp-content\/uploads\/2015\/08\/ThinkstockPhotos-527551248.jpg"},{"@type":"BreadcrumbList","@id":"https:\/\/forteunderwriters.com\/pt\/yachts\/#breadcrumb","itemListElement":[{"@type":"ListItem","position":1,"name":"Home","item":"https:\/\/forteunderwriters.com\/es\/"},{"@type":"ListItem","position":2,"name":"IATES"}]},{"@type":"WebSite","@id":"https:\/\/forteunderwriters.com\/es\/#website","url":"https:\/\/forteunderwriters.com\/es\/","name":"Forte Underwriters","description":"","potentialAction":[{"@type":"SearchAction","target":{"@type":"EntryPoint","urlTemplate":"https:\/\/forteunderwriters.com\/es\/?s={search_term_string}"},"query-input":{"@type":"PropertyValueSpecification","valueRequired":true,"valueName":"search_term_string"}}],"inLanguage":"pt-PT"}]}},"_links":{"self":[{"href":"https:\/\/forteunderwriters.com\/pt\/wp-json\/wp\/v2\/pages\/236","targetHints":{"allow":["GET"]}}],"collection":[{"href":"https:\/\/forteunderwriters.com\/pt\/wp-json\/wp\/v2\/pages"}],"about":[{"href":"https:\/\/forteunderwriters.com\/pt\/wp-json\/wp\/v2\/types\/page"}],"author":[{"embeddable":true,"href":"https:\/\/forteunderwriters.com\/pt\/wp-json\/wp\/v2\/users\/1"}],"replies":[{"embeddable":true,"href":"https:\/\/forteunderwriters.com\/pt\/wp-json\/wp\/v2\/comments?post=236"}],"version-history":[{"count":10,"href":"https:\/\/forteunderwriters.com\/pt\/wp-json\/wp\/v2\/pages\/236\/revisions"}],"predecessor-version":[{"id":532,"href":"https:\/\/forteunderwriters.com\/pt\/wp-json\/wp\/v2\/pages\/236\/revisions\/532"}],"wp:attachment":[{"href":"https:\/\/forteunderwriters.com\/pt\/wp-json\/wp\/v2\/media?parent=236"}],"curies":[{"name":"wp","href":"https:\/\/api.w.org\/{rel}","templated":true}]}}