{"id":206,"date":"2015-08-21T02:16:16","date_gmt":"2015-08-21T02:16:16","guid":{"rendered":"https:\/\/forteunderwriters.com\/?page_id=206"},"modified":"2022-03-22T18:02:03","modified_gmt":"2022-03-22T18:02:03","slug":"about-us","status":"publish","type":"page","link":"https:\/\/forteunderwriters.com\/pt\/about-us\/","title":{"rendered":"Sobre n\u00f3s"},"content":{"rendered":"<p>A FORTE \u00e9 um subscritor latino americano de especialidades com uma estrat\u00e9gia comprovadas. Reunimos um grupo de pessoas que t\u00eam demonstrado ao longo de muitos anos sua capacidade de fornecer produtos focados e altamente specializados aos nossos clientes. Podemos encontrar solu\u00e7\u00f5es para seu risco sejam eles simples ou mais complexos.<\/p>\n<p>A FORTE est\u00e1 empenhada em fornecer aos seus clientes mecanismos de mitiga\u00e7\u00e3o de risco cr\u00edtico e com o servi\u00e7o que eles merecem com respostas imediatas aos seus pedidos.<\/p>\n<h4>Os pontos principais da FORTE incluem um equil\u00edbrio entre:<\/h4>\n<div class=\"row\"><br class=\"nc\"\/><div class=\"col-sm-4\">\n<p><a href=\"https:\/\/forteunderwriters.com\/wp-content\/uploads\/2015\/08\/ThinkstockPhotos-470165153.jpg\"><img loading=\"lazy\" decoding=\"async\" class=\"alignnone wp-image-341 size-full\" src=\"https:\/\/forteunderwriters.com\/wp-content\/uploads\/2015\/08\/ThinkstockPhotos-470165153.jpg\" width=\"643\" height=\"543\" srcset=\"https:\/\/forteunderwriters.com\/wp-content\/uploads\/2015\/08\/ThinkstockPhotos-470165153.jpg 643w, https:\/\/forteunderwriters.com\/wp-content\/uploads\/2015\/08\/ThinkstockPhotos-470165153-768x648.jpg 768w\" sizes=\"auto, (max-width: 643px) 100vw, 643px\" \/><\/a><\/p>\n<p><\/p><\/div><br class=\"nc\"\/><div class=\"col-sm-8\">\n<ul>\n<li>Tomada de decis\u00e3o<br style=\"line-height: 1.5;\"\/><span style=\"line-height: 1.5;\"> Tendo um conhecimento profundo dos assuntos em quest\u00e3o e a experi\u00eancia para acompanh\u00e1-los nos permite fazer um curso de a\u00e7\u00e3o que resulta em boa tomada de decis\u00f5es, que ainda resulta em boas e precisas pr\u00e1ticas de subscri\u00e7\u00e3o.<\/span><br style=\"line-height: 1.5;\"\/><span style=\"line-height: 1.5;\"> A FORTE e est\u00e1 habituada a assumir riscos. Nossa resposta \u00e9 r\u00e1pida e completa e coloca as mentes dos clientes \u00e0 vontade.<\/span><br style=\"line-height: 1.5;\"\/><span style=\"line-height: 1.5;\"> A FORTE toma boas decis\u00f5es<\/span><\/li>\n<li>Experi\u00eancia<br \/>\nEm subscri\u00e7\u00e3o n\u00e3o pode haver nenhum substituto para a experi\u00eancia.<br \/>\nOs Subscritores principais da FORTE t\u00eam muitos anos de experi\u00eancia em seu campo e est\u00e3o entre os mais conhecidos e respeitados praticantes de sua arte em nossa regi\u00e3o. Eles s\u00e3o apoiados por uma equipe dedicada de assistentes e subscritores J\u00fanior. Juntos, seu pensamento cr\u00edtico permite-lhes identificar os pontos fortes e fracos de riscos individuais e encontrar solu\u00e7\u00f5es para as necessidades dos clientes.<br \/>\nA resolu\u00e7\u00e3o de problemas complexos \u00e9 o nosso FORTE<\/li>\n<li>Conhecimento<br \/>\nCom a experi\u00eancia vem conhecimento e nossa equipe usa seu conhecimento para garantir que nossos clientes recebam sempre o melhor conselho dispon\u00edvel. Porque tomamos tempo para escutar essas solicita\u00e7\u00f5es, entendemos quais s\u00e3o suas necessidades. Por mais complexos que sejam, nossos seguros s\u00e3o adaptados para atender \u00e0s diferentes necessidades de todos os nossos clientes.<br \/>\nA nacionalidade diversa da nossa equipe nos d\u00e1 uma grande vis\u00e3o para as complexidades da nossa regi\u00e3o.<br \/>\nA FORTE tem uma equipe multinacional muito forte.<\/li>\n<li>Servi\u00e7o<br \/>\nA subscri\u00e7\u00e3o da ap\u00f3lice protege as exig\u00eancias financeiras do segurado, mas tamb\u00e9m \u00e9 importante continuar dando apoio durante toda a vig\u00eancia da ap\u00f3lice.<br \/>\nNossos subscritores est\u00e3o continuamente envolvidos em ajudar clientes a entender melhor seus riscos de seguros. Isto \u00e9 realizado atrav\u00e9s de semin\u00e1rios de treinamento e visitas.<br \/>\nEste servi\u00e7o permite um melhor entendimento entre as partes e conduz a relacionamentos de sucesso de longo prazo &#8211; isto \u00e9 parte da raz\u00e3o por que a carteira da FORTE tem uma taxa de renova\u00e7\u00e3o elevada e continua a crescer na regi\u00e3o.<\/li>\n<\/ul>\n<p><\/p><\/div><br class=\"nc\"\/><\/div>\n<p><div class=\"row\"><br class=\"nc\"\/><div class=\"col-sm-4\">\n<h4 style=\"margin: 0; padding: 7px 0; font-size: 22px;\">Baixe nossa brochura<\/h4>\n<p><\/p><\/div><div class=\"col-md-8\"><a class=\"btn btn-primary\" href=\"https:\/\/forteunderwriters.com\/wp-content\/uploads\/2018\/04\/final-forte-port.pdf\" target=\"blank\" rel=\"noopener\">Baixe nossa brochura<\/a><br \/>\n<\/div>\n<p><div class=\"col-sm-8\"><br \/>\n<\/div><br \/>\n<\/p><\/div><\/p>","protected":false},"excerpt":{"rendered":"<p>A FORTE \u00e9 um subscritor latino americano de especialidades com uma estrat\u00e9gia comprovadas. Reunimos um grupo de pessoas que t\u00eam demonstrado ao longo de muitos anos sua capacidade de fornecer produtos focados e altamente specializados aos nossos clientes. Podemos encontrar solu\u00e7\u00f5es para seu risco sejam eles simples ou mais complexos. A FORTE est\u00e1 empenhada em [&hellip;]<\/p>\n","protected":false},"author":1,"featured_media":0,"parent":0,"menu_order":0,"comment_status":"closed","ping_status":"closed","template":"","meta":{"_acf_changed":false,"footnotes":""},"class_list":["post-206","page","type-page","status-publish","hentry"],"acf":[],"yoast_head":"<!-- This site is optimized with the Yoast SEO plugin v27.5 - https:\/\/yoast.com\/product\/yoast-seo-wordpress\/ -->\n<title>Sobre n\u00f3s - Forte Underwriters<\/title>\n<meta name=\"robots\" content=\"index, follow, max-snippet:-1, max-image-preview:large, max-video-preview:-1\" \/>\n<link rel=\"canonical\" href=\"https:\/\/forteunderwriters.com\/about-us\/\" \/>\n<meta property=\"og:locale\" content=\"pt_PT\" \/>\n<meta property=\"og:type\" content=\"article\" \/>\n<meta property=\"og:title\" content=\"Sobre n\u00f3s - Forte Underwriters\" \/>\n<meta property=\"og:description\" content=\"A FORTE \u00e9 um subscritor latino americano de especialidades com uma estrat\u00e9gia comprovadas. Reunimos um grupo de pessoas que t\u00eam demonstrado ao longo de muitos anos sua capacidade de fornecer produtos focados e altamente specializados aos nossos clientes. Podemos encontrar solu\u00e7\u00f5es para seu risco sejam eles simples ou mais complexos. A FORTE est\u00e1 empenhada em [&hellip;]\" \/>\n<meta property=\"og:url\" content=\"https:\/\/forteunderwriters.com\/about-us\/\" \/>\n<meta property=\"og:site_name\" content=\"Forte Underwriters\" \/>\n<meta property=\"article:modified_time\" content=\"2022-03-22T18:02:03+00:00\" \/>\n<meta property=\"og:image\" content=\"https:\/\/forteunderwriters.com\/wp-content\/uploads\/2015\/08\/ThinkstockPhotos-470165153.jpg\" \/>\n<meta name=\"twitter:card\" content=\"summary_large_image\" \/>\n<meta name=\"twitter:label1\" content=\"Tempo estimado de leitura\" \/>\n\t<meta name=\"twitter:data1\" content=\"7 minutos\" \/>\n<script type=\"application\/ld+json\" class=\"yoast-schema-graph\">{\"@context\":\"https:\\\/\\\/schema.org\",\"@graph\":[{\"@type\":\"WebPage\",\"@id\":\"https:\\\/\\\/forteunderwriters.com\\\/about-us\\\/\",\"url\":\"https:\\\/\\\/forteunderwriters.com\\\/about-us\\\/\",\"name\":\"Sobre n\u00f3s - Forte Underwriters\",\"isPartOf\":{\"@id\":\"https:\\\/\\\/forteunderwriters.com\\\/es\\\/#website\"},\"primaryImageOfPage\":{\"@id\":\"https:\\\/\\\/forteunderwriters.com\\\/about-us\\\/#primaryimage\"},\"image\":{\"@id\":\"https:\\\/\\\/forteunderwriters.com\\\/about-us\\\/#primaryimage\"},\"thumbnailUrl\":\"https:\\\/\\\/forteunderwriters.com\\\/wp-content\\\/uploads\\\/2015\\\/08\\\/ThinkstockPhotos-470165153.jpg\",\"datePublished\":\"2015-08-21T02:16:16+00:00\",\"dateModified\":\"2022-03-22T18:02:03+00:00\",\"breadcrumb\":{\"@id\":\"https:\\\/\\\/forteunderwriters.com\\\/about-us\\\/#breadcrumb\"},\"inLanguage\":\"pt-PT\",\"potentialAction\":[{\"@type\":\"ReadAction\",\"target\":[\"https:\\\/\\\/forteunderwriters.com\\\/about-us\\\/\"]}]},{\"@type\":\"ImageObject\",\"inLanguage\":\"pt-PT\",\"@id\":\"https:\\\/\\\/forteunderwriters.com\\\/about-us\\\/#primaryimage\",\"url\":\"https:\\\/\\\/forteunderwriters.com\\\/wp-content\\\/uploads\\\/2015\\\/08\\\/ThinkstockPhotos-470165153.jpg\",\"contentUrl\":\"https:\\\/\\\/forteunderwriters.com\\\/wp-content\\\/uploads\\\/2015\\\/08\\\/ThinkstockPhotos-470165153.jpg\"},{\"@type\":\"BreadcrumbList\",\"@id\":\"https:\\\/\\\/forteunderwriters.com\\\/about-us\\\/#breadcrumb\",\"itemListElement\":[{\"@type\":\"ListItem\",\"position\":1,\"name\":\"Home\",\"item\":\"https:\\\/\\\/forteunderwriters.com\\\/es\\\/\"},{\"@type\":\"ListItem\",\"position\":2,\"name\":\"About Us\"}]},{\"@type\":\"WebSite\",\"@id\":\"https:\\\/\\\/forteunderwriters.com\\\/es\\\/#website\",\"url\":\"https:\\\/\\\/forteunderwriters.com\\\/es\\\/\",\"name\":\"Forte Underwriters\",\"description\":\"\",\"potentialAction\":[{\"@type\":\"SearchAction\",\"target\":{\"@type\":\"EntryPoint\",\"urlTemplate\":\"https:\\\/\\\/forteunderwriters.com\\\/es\\\/?s={search_term_string}\"},\"query-input\":{\"@type\":\"PropertyValueSpecification\",\"valueRequired\":true,\"valueName\":\"search_term_string\"}}],\"inLanguage\":\"pt-PT\"}]}<\/script>\n<!-- \/ Yoast SEO plugin. -->","yoast_head_json":{"title":"Sobre n\u00f3s - Forte Underwriters","robots":{"index":"index","follow":"follow","max-snippet":"max-snippet:-1","max-image-preview":"max-image-preview:large","max-video-preview":"max-video-preview:-1"},"canonical":"https:\/\/forteunderwriters.com\/about-us\/","og_locale":"pt_PT","og_type":"article","og_title":"Sobre n\u00f3s - Forte Underwriters","og_description":"A FORTE \u00e9 um subscritor latino americano de especialidades com uma estrat\u00e9gia comprovadas. Reunimos um grupo de pessoas que t\u00eam demonstrado ao longo de muitos anos sua capacidade de fornecer produtos focados e altamente specializados aos nossos clientes. Podemos encontrar solu\u00e7\u00f5es para seu risco sejam eles simples ou mais complexos. A FORTE est\u00e1 empenhada em [&hellip;]","og_url":"https:\/\/forteunderwriters.com\/about-us\/","og_site_name":"Forte Underwriters","article_modified_time":"2022-03-22T18:02:03+00:00","og_image":[{"url":"https:\/\/forteunderwriters.com\/wp-content\/uploads\/2015\/08\/ThinkstockPhotos-470165153.jpg","type":"","width":"","height":""}],"twitter_card":"summary_large_image","twitter_misc":{"Tempo estimado de leitura":"7 minutos"},"schema":{"@context":"https:\/\/schema.org","@graph":[{"@type":"WebPage","@id":"https:\/\/forteunderwriters.com\/about-us\/","url":"https:\/\/forteunderwriters.com\/about-us\/","name":"Sobre n\u00f3s - Forte Underwriters","isPartOf":{"@id":"https:\/\/forteunderwriters.com\/es\/#website"},"primaryImageOfPage":{"@id":"https:\/\/forteunderwriters.com\/about-us\/#primaryimage"},"image":{"@id":"https:\/\/forteunderwriters.com\/about-us\/#primaryimage"},"thumbnailUrl":"https:\/\/forteunderwriters.com\/wp-content\/uploads\/2015\/08\/ThinkstockPhotos-470165153.jpg","datePublished":"2015-08-21T02:16:16+00:00","dateModified":"2022-03-22T18:02:03+00:00","breadcrumb":{"@id":"https:\/\/forteunderwriters.com\/about-us\/#breadcrumb"},"inLanguage":"pt-PT","potentialAction":[{"@type":"ReadAction","target":["https:\/\/forteunderwriters.com\/about-us\/"]}]},{"@type":"ImageObject","inLanguage":"pt-PT","@id":"https:\/\/forteunderwriters.com\/about-us\/#primaryimage","url":"https:\/\/forteunderwriters.com\/wp-content\/uploads\/2015\/08\/ThinkstockPhotos-470165153.jpg","contentUrl":"https:\/\/forteunderwriters.com\/wp-content\/uploads\/2015\/08\/ThinkstockPhotos-470165153.jpg"},{"@type":"BreadcrumbList","@id":"https:\/\/forteunderwriters.com\/about-us\/#breadcrumb","itemListElement":[{"@type":"ListItem","position":1,"name":"Home","item":"https:\/\/forteunderwriters.com\/es\/"},{"@type":"ListItem","position":2,"name":"About Us"}]},{"@type":"WebSite","@id":"https:\/\/forteunderwriters.com\/es\/#website","url":"https:\/\/forteunderwriters.com\/es\/","name":"Forte Underwriters","description":"","potentialAction":[{"@type":"SearchAction","target":{"@type":"EntryPoint","urlTemplate":"https:\/\/forteunderwriters.com\/es\/?s={search_term_string}"},"query-input":{"@type":"PropertyValueSpecification","valueRequired":true,"valueName":"search_term_string"}}],"inLanguage":"pt-PT"}]}},"_links":{"self":[{"href":"https:\/\/forteunderwriters.com\/pt\/wp-json\/wp\/v2\/pages\/206","targetHints":{"allow":["GET"]}}],"collection":[{"href":"https:\/\/forteunderwriters.com\/pt\/wp-json\/wp\/v2\/pages"}],"about":[{"href":"https:\/\/forteunderwriters.com\/pt\/wp-json\/wp\/v2\/types\/page"}],"author":[{"embeddable":true,"href":"https:\/\/forteunderwriters.com\/pt\/wp-json\/wp\/v2\/users\/1"}],"replies":[{"embeddable":true,"href":"https:\/\/forteunderwriters.com\/pt\/wp-json\/wp\/v2\/comments?post=206"}],"version-history":[{"count":10,"href":"https:\/\/forteunderwriters.com\/pt\/wp-json\/wp\/v2\/pages\/206\/revisions"}],"predecessor-version":[{"id":526,"href":"https:\/\/forteunderwriters.com\/pt\/wp-json\/wp\/v2\/pages\/206\/revisions\/526"}],"wp:attachment":[{"href":"https:\/\/forteunderwriters.com\/pt\/wp-json\/wp\/v2\/media?parent=206"}],"curies":[{"name":"wp","href":"https:\/\/api.w.org\/{rel}","templated":true}]}}