{"id":276,"date":"2016-07-16T00:33:34","date_gmt":"2016-07-16T00:33:34","guid":{"rendered":"https:\/\/forteunderwriters.com\/?page_id=276"},"modified":"2022-03-22T18:04:01","modified_gmt":"2022-03-22T18:04:01","slug":"marine-commercial-hull","status":"publish","type":"page","link":"https:\/\/forteunderwriters.com\/es\/marine-commercial-hull\/","title":{"rendered":"Mar\u00edtimo Comercial &#8211; Cascos"},"content":{"rendered":"<p><a href=\"https:\/\/forteunderwriters.com\/wp-content\/uploads\/2022\/03\/forte-Mari\u2560utima-\u0393Co-Cascos.pdf\" target=\"_blank\" rel=\"noopener\">Haga clic aqu\u00ed para PDK Enlace<\/a><\/p>\n<p>FORTE es un suscritor l\u00edder en Am\u00e9rica Latina y el Caribe en cascos comerciales e intereses relacionados.<\/p>\n<p>FORTE ofrece seguros y reaseguros para todo tipo de embarcaciones, incluyendo barcazas, carga, transbordadores, pesca, suministro, cisternas, remolcadores y otros portadores grandes.<\/p>\n<p>El equipo de FORTE tiene la experiencia t\u00e9cnica para dise\u00f1ar p\u00f3lizas a la medida que requieren los clientes, en funci\u00f3n de las necesidades del mercado local dentro del marco legal.<\/p>\n<p>FORTE trabaja en estrecha colaboraci\u00f3n con suscriptores l\u00edderes en el ramo Mar\u00edtimo tanto en Estados Unidos como en Europa y Londres<\/p>\n<p>&nbsp;<\/p>\n<p><div class=\"row\"><div class=\"col-sm-6\">\n<p><a href=\"https:\/\/forteunderwriters.com\/wp-content\/uploads\/2016\/07\/ThinkstockPhotos-124572734.jpg\"><img loading=\"lazy\" decoding=\"async\" class=\"alignnone size-full wp-image-303\" src=\"https:\/\/forteunderwriters.com\/wp-content\/uploads\/2016\/07\/ThinkstockPhotos-124572734.jpg\" alt=\"Tug boat\" width=\"725\" height=\"482\" srcset=\"https:\/\/forteunderwriters.com\/wp-content\/uploads\/2016\/07\/ThinkstockPhotos-124572734.jpg 725w, https:\/\/forteunderwriters.com\/wp-content\/uploads\/2016\/07\/ThinkstockPhotos-124572734-768x510.jpg 768w\" sizes=\"auto, (max-width: 725px) 100vw, 725px\" \/><\/a><\/p>\n<p><\/p><\/div><div class=\"col-sm-6\">\n<h4><span style=\"color: #d7df23;\">Productos<\/span><\/h4>\n<ul>\n<li>Riesgos de Construcci\u00f3n<\/li>\n<li>Casco y Maquinaria<\/li>\n<li>Valor Incrementado<\/li>\n<li>P\u00e9rdida de Alquiler<\/li>\n<li>Puertos y Terminales<\/li>\n<li>Protecci\u00f3n e Indemnizaci\u00f3n (P&amp;I)<\/li>\n<li>Responsabilidad Legal de reparadores de barcos<\/li>\n<li>Guerra y Terrorismo<\/li>\n<\/ul>\n<p><\/p><\/div><\/div><\/p>","protected":false},"excerpt":{"rendered":"<p>Haga clic aqu\u00ed para PDK Enlace FORTE es un suscritor l\u00edder en Am\u00e9rica Latina y el Caribe en cascos comerciales e intereses relacionados. FORTE ofrece seguros y reaseguros para todo tipo de embarcaciones, incluyendo barcazas, carga, transbordadores, pesca, suministro, cisternas, remolcadores y otros portadores grandes. El equipo de FORTE tiene la experiencia t\u00e9cnica para dise\u00f1ar [&hellip;]<\/p>\n","protected":false},"author":1,"featured_media":0,"parent":0,"menu_order":0,"comment_status":"closed","ping_status":"closed","template":"","meta":{"_acf_changed":false,"footnotes":""},"class_list":["post-276","page","type-page","status-publish","hentry"],"acf":[],"yoast_head":"<!-- This site is optimized with the Yoast SEO plugin v27.4 - https:\/\/yoast.com\/product\/yoast-seo-wordpress\/ -->\n<title>Mar\u00edtimo Comercial - Cascos - Forte Underwriters<\/title>\n<meta name=\"robots\" content=\"index, follow, max-snippet:-1, max-image-preview:large, max-video-preview:-1\" \/>\n<link rel=\"canonical\" href=\"https:\/\/forteunderwriters.com\/marine-commercial-hull\/\" \/>\n<meta property=\"og:locale\" content=\"es_ES\" \/>\n<meta property=\"og:type\" content=\"article\" \/>\n<meta property=\"og:title\" content=\"Mar\u00edtimo Comercial - Cascos - Forte Underwriters\" \/>\n<meta property=\"og:description\" content=\"Haga clic aqu\u00ed para PDK Enlace FORTE es un suscritor l\u00edder en Am\u00e9rica Latina y el Caribe en cascos comerciales e intereses relacionados. FORTE ofrece seguros y reaseguros para todo tipo de embarcaciones, incluyendo barcazas, carga, transbordadores, pesca, suministro, cisternas, remolcadores y otros portadores grandes. El equipo de FORTE tiene la experiencia t\u00e9cnica para dise\u00f1ar [&hellip;]\" \/>\n<meta property=\"og:url\" content=\"https:\/\/forteunderwriters.com\/marine-commercial-hull\/\" \/>\n<meta property=\"og:site_name\" content=\"Forte Underwriters\" \/>\n<meta property=\"article:modified_time\" content=\"2022-03-22T18:04:01+00:00\" \/>\n<meta property=\"og:image\" content=\"https:\/\/forteunderwriters.com\/wp-content\/uploads\/2016\/07\/ThinkstockPhotos-124572734.jpg\" \/>\n<meta name=\"twitter:card\" content=\"summary_large_image\" \/>\n<meta name=\"twitter:label1\" content=\"Tiempo de lectura\" \/>\n\t<meta name=\"twitter:data1\" content=\"1 minuto\" \/>\n<script type=\"application\/ld+json\" class=\"yoast-schema-graph\">{\"@context\":\"https:\\\/\\\/schema.org\",\"@graph\":[{\"@type\":\"WebPage\",\"@id\":\"https:\\\/\\\/forteunderwriters.com\\\/marine-commercial-hull\\\/\",\"url\":\"https:\\\/\\\/forteunderwriters.com\\\/marine-commercial-hull\\\/\",\"name\":\"Mar\u00edtimo Comercial - Cascos - Forte Underwriters\",\"isPartOf\":{\"@id\":\"https:\\\/\\\/forteunderwriters.com\\\/es\\\/#website\"},\"primaryImageOfPage\":{\"@id\":\"https:\\\/\\\/forteunderwriters.com\\\/marine-commercial-hull\\\/#primaryimage\"},\"image\":{\"@id\":\"https:\\\/\\\/forteunderwriters.com\\\/marine-commercial-hull\\\/#primaryimage\"},\"thumbnailUrl\":\"https:\\\/\\\/forteunderwriters.com\\\/wp-content\\\/uploads\\\/2016\\\/07\\\/ThinkstockPhotos-124572734.jpg\",\"datePublished\":\"2016-07-16T00:33:34+00:00\",\"dateModified\":\"2022-03-22T18:04:01+00:00\",\"breadcrumb\":{\"@id\":\"https:\\\/\\\/forteunderwriters.com\\\/marine-commercial-hull\\\/#breadcrumb\"},\"inLanguage\":\"es\",\"potentialAction\":[{\"@type\":\"ReadAction\",\"target\":[\"https:\\\/\\\/forteunderwriters.com\\\/marine-commercial-hull\\\/\"]}]},{\"@type\":\"ImageObject\",\"inLanguage\":\"es\",\"@id\":\"https:\\\/\\\/forteunderwriters.com\\\/marine-commercial-hull\\\/#primaryimage\",\"url\":\"https:\\\/\\\/forteunderwriters.com\\\/wp-content\\\/uploads\\\/2016\\\/07\\\/ThinkstockPhotos-124572734.jpg\",\"contentUrl\":\"https:\\\/\\\/forteunderwriters.com\\\/wp-content\\\/uploads\\\/2016\\\/07\\\/ThinkstockPhotos-124572734.jpg\"},{\"@type\":\"BreadcrumbList\",\"@id\":\"https:\\\/\\\/forteunderwriters.com\\\/marine-commercial-hull\\\/#breadcrumb\",\"itemListElement\":[{\"@type\":\"ListItem\",\"position\":1,\"name\":\"Home\",\"item\":\"https:\\\/\\\/forteunderwriters.com\\\/es\\\/\"},{\"@type\":\"ListItem\",\"position\":2,\"name\":\"Marine Commercial Hull\"}]},{\"@type\":\"WebSite\",\"@id\":\"https:\\\/\\\/forteunderwriters.com\\\/es\\\/#website\",\"url\":\"https:\\\/\\\/forteunderwriters.com\\\/es\\\/\",\"name\":\"Forte Underwriters\",\"description\":\"\",\"potentialAction\":[{\"@type\":\"SearchAction\",\"target\":{\"@type\":\"EntryPoint\",\"urlTemplate\":\"https:\\\/\\\/forteunderwriters.com\\\/es\\\/?s={search_term_string}\"},\"query-input\":{\"@type\":\"PropertyValueSpecification\",\"valueRequired\":true,\"valueName\":\"search_term_string\"}}],\"inLanguage\":\"es\"}]}<\/script>\n<!-- \/ Yoast SEO plugin. -->","yoast_head_json":{"title":"Mar\u00edtimo Comercial - Cascos - Forte Underwriters","robots":{"index":"index","follow":"follow","max-snippet":"max-snippet:-1","max-image-preview":"max-image-preview:large","max-video-preview":"max-video-preview:-1"},"canonical":"https:\/\/forteunderwriters.com\/marine-commercial-hull\/","og_locale":"es_ES","og_type":"article","og_title":"Mar\u00edtimo Comercial - Cascos - Forte Underwriters","og_description":"Haga clic aqu\u00ed para PDK Enlace FORTE es un suscritor l\u00edder en Am\u00e9rica Latina y el Caribe en cascos comerciales e intereses relacionados. FORTE ofrece seguros y reaseguros para todo tipo de embarcaciones, incluyendo barcazas, carga, transbordadores, pesca, suministro, cisternas, remolcadores y otros portadores grandes. El equipo de FORTE tiene la experiencia t\u00e9cnica para dise\u00f1ar [&hellip;]","og_url":"https:\/\/forteunderwriters.com\/marine-commercial-hull\/","og_site_name":"Forte Underwriters","article_modified_time":"2022-03-22T18:04:01+00:00","og_image":[{"url":"https:\/\/forteunderwriters.com\/wp-content\/uploads\/2016\/07\/ThinkstockPhotos-124572734.jpg","type":"","width":"","height":""}],"twitter_card":"summary_large_image","twitter_misc":{"Tiempo de lectura":"1 minuto"},"schema":{"@context":"https:\/\/schema.org","@graph":[{"@type":"WebPage","@id":"https:\/\/forteunderwriters.com\/marine-commercial-hull\/","url":"https:\/\/forteunderwriters.com\/marine-commercial-hull\/","name":"Mar\u00edtimo Comercial - Cascos - Forte Underwriters","isPartOf":{"@id":"https:\/\/forteunderwriters.com\/es\/#website"},"primaryImageOfPage":{"@id":"https:\/\/forteunderwriters.com\/marine-commercial-hull\/#primaryimage"},"image":{"@id":"https:\/\/forteunderwriters.com\/marine-commercial-hull\/#primaryimage"},"thumbnailUrl":"https:\/\/forteunderwriters.com\/wp-content\/uploads\/2016\/07\/ThinkstockPhotos-124572734.jpg","datePublished":"2016-07-16T00:33:34+00:00","dateModified":"2022-03-22T18:04:01+00:00","breadcrumb":{"@id":"https:\/\/forteunderwriters.com\/marine-commercial-hull\/#breadcrumb"},"inLanguage":"es","potentialAction":[{"@type":"ReadAction","target":["https:\/\/forteunderwriters.com\/marine-commercial-hull\/"]}]},{"@type":"ImageObject","inLanguage":"es","@id":"https:\/\/forteunderwriters.com\/marine-commercial-hull\/#primaryimage","url":"https:\/\/forteunderwriters.com\/wp-content\/uploads\/2016\/07\/ThinkstockPhotos-124572734.jpg","contentUrl":"https:\/\/forteunderwriters.com\/wp-content\/uploads\/2016\/07\/ThinkstockPhotos-124572734.jpg"},{"@type":"BreadcrumbList","@id":"https:\/\/forteunderwriters.com\/marine-commercial-hull\/#breadcrumb","itemListElement":[{"@type":"ListItem","position":1,"name":"Home","item":"https:\/\/forteunderwriters.com\/es\/"},{"@type":"ListItem","position":2,"name":"Marine Commercial Hull"}]},{"@type":"WebSite","@id":"https:\/\/forteunderwriters.com\/es\/#website","url":"https:\/\/forteunderwriters.com\/es\/","name":"Forte Underwriters","description":"","potentialAction":[{"@type":"SearchAction","target":{"@type":"EntryPoint","urlTemplate":"https:\/\/forteunderwriters.com\/es\/?s={search_term_string}"},"query-input":{"@type":"PropertyValueSpecification","valueRequired":true,"valueName":"search_term_string"}}],"inLanguage":"es"}]}},"_links":{"self":[{"href":"https:\/\/forteunderwriters.com\/es\/wp-json\/wp\/v2\/pages\/276","targetHints":{"allow":["GET"]}}],"collection":[{"href":"https:\/\/forteunderwriters.com\/es\/wp-json\/wp\/v2\/pages"}],"about":[{"href":"https:\/\/forteunderwriters.com\/es\/wp-json\/wp\/v2\/types\/page"}],"author":[{"embeddable":true,"href":"https:\/\/forteunderwriters.com\/es\/wp-json\/wp\/v2\/users\/1"}],"replies":[{"embeddable":true,"href":"https:\/\/forteunderwriters.com\/es\/wp-json\/wp\/v2\/comments?post=276"}],"version-history":[{"count":10,"href":"https:\/\/forteunderwriters.com\/es\/wp-json\/wp\/v2\/pages\/276\/revisions"}],"predecessor-version":[{"id":530,"href":"https:\/\/forteunderwriters.com\/es\/wp-json\/wp\/v2\/pages\/276\/revisions\/530"}],"wp:attachment":[{"href":"https:\/\/forteunderwriters.com\/es\/wp-json\/wp\/v2\/media?parent=276"}],"curies":[{"name":"wp","href":"https:\/\/api.w.org\/{rel}","templated":true}]}}