{"id":274,"date":"2016-07-16T00:33:18","date_gmt":"2016-07-16T00:33:18","guid":{"rendered":"https:\/\/forteunderwriters.com\/?page_id=274"},"modified":"2022-03-22T18:03:00","modified_gmt":"2022-03-22T18:03:00","slug":"marine-cargo","status":"publish","type":"page","link":"https:\/\/forteunderwriters.com\/es\/marine-cargo\/","title":{"rendered":"Mar\u00edtimo &#8211; Carga"},"content":{"rendered":"<p><a href=\"https:\/\/forteunderwriters.com\/wp-content\/uploads\/2022\/03\/forte-Mari\u2560utima-\u0393Co-Carga.pdf\" target=\"_blank\" rel=\"noopener\">Haga clic aqu\u00ed para PDK Enlace<\/a><\/p>\n<p>FORTE proporciona soporte de reaseguro facultativo para una amplia gama de riesgos de carga \/ transportes en Am\u00e9rica Latina y el Caribe.<\/p>\n<p>La capacidad de suscripci\u00f3n que ofrece FORTE proviene de aseguradoras y reaseguradores de primera l\u00ednea tanto en Europa y Londres.<\/p>\n<p><div class=\"row\"><div class=\"col-sm-6\">\n<p><a href=\"https:\/\/forteunderwriters.com\/wp-content\/uploads\/2016\/07\/ThinkstockPhotos-480550180.jpg\"><img loading=\"lazy\" decoding=\"async\" class=\"alignnone wp-image-332 size-large\" src=\"https:\/\/forteunderwriters.com\/wp-content\/uploads\/2016\/07\/ThinkstockPhotos-480550180-1024x1024.jpg\" width=\"770\" height=\"770\" srcset=\"https:\/\/forteunderwriters.com\/wp-content\/uploads\/2016\/07\/ThinkstockPhotos-480550180-1024x1024.jpg 1024w, https:\/\/forteunderwriters.com\/wp-content\/uploads\/2016\/07\/ThinkstockPhotos-480550180-150x150.jpg 150w, https:\/\/forteunderwriters.com\/wp-content\/uploads\/2016\/07\/ThinkstockPhotos-480550180-300x300.jpg 300w\" sizes=\"auto, (max-width: 770px) 100vw, 770px\" \/><\/a><\/p>\n<p><\/p><\/div><div class=\"col-sm-6\">\n<h4><span style=\"color: #d7df23;\">Productos<\/span><\/h4>\n<ul>\n<li>Programas de tr\u00e1nsito y almacenaje<\/li>\n<li>P\u00f3lizas de \u201cStock Throughput\u201d<\/li>\n<li>Responsabilidad civil de camioneros<\/li>\n<li>Cargas de Proyectos (incluyendo retraso en el arranque)<\/li>\n<li>Riesgos de Guerra<\/li>\n<li>Productos b\u00e1sicos<\/li>\n<li>Productos Qu\u00edmicos<\/li>\n<li>Maquinaria<\/li>\n<li>Metales pesados<\/li>\n<li>Petr\u00f3leo<\/li>\n<li>Obras de Arte y Exposiciones<\/li>\n<li>Metales preciosos<\/li>\n<li>P\u00e9rdida Consecuencial (interrupci\u00f3n de negocios mar\u00edtima o de proyectos)<\/li>\n<\/ul>\n<p><\/p><\/div><\/div><\/p>","protected":false},"excerpt":{"rendered":"<p>Haga clic aqu\u00ed para PDK Enlace FORTE proporciona soporte de reaseguro facultativo para una amplia gama de riesgos de carga \/ transportes en Am\u00e9rica Latina y el Caribe. La capacidad de suscripci\u00f3n que ofrece FORTE proviene de aseguradoras y reaseguradores de primera l\u00ednea tanto en Europa y Londres.<\/p>\n","protected":false},"author":1,"featured_media":0,"parent":0,"menu_order":0,"comment_status":"closed","ping_status":"closed","template":"","meta":{"_acf_changed":false,"footnotes":""},"class_list":["post-274","page","type-page","status-publish","hentry"],"acf":[],"yoast_head":"<!-- This site is optimized with the Yoast SEO plugin v27.4 - https:\/\/yoast.com\/product\/yoast-seo-wordpress\/ -->\n<title>Mar\u00edtimo - Carga - Forte Underwriters<\/title>\n<meta name=\"robots\" content=\"index, follow, max-snippet:-1, max-image-preview:large, max-video-preview:-1\" \/>\n<link rel=\"canonical\" href=\"https:\/\/forteunderwriters.com\/pt\/marine-cargo\/\" \/>\n<meta property=\"og:locale\" content=\"es_ES\" \/>\n<meta property=\"og:type\" content=\"article\" \/>\n<meta property=\"og:title\" content=\"Mar\u00edtimo - Carga - Forte Underwriters\" \/>\n<meta property=\"og:description\" content=\"Haga clic aqu\u00ed para PDK Enlace FORTE proporciona soporte de reaseguro facultativo para una amplia gama de riesgos de carga \/ transportes en Am\u00e9rica Latina y el Caribe. La capacidad de suscripci\u00f3n que ofrece FORTE proviene de aseguradoras y reaseguradores de primera l\u00ednea tanto en Europa y Londres.\" \/>\n<meta property=\"og:url\" content=\"https:\/\/forteunderwriters.com\/pt\/marine-cargo\/\" \/>\n<meta property=\"og:site_name\" content=\"Forte Underwriters\" \/>\n<meta property=\"article:modified_time\" content=\"2022-03-22T18:03:00+00:00\" \/>\n<meta property=\"og:image\" content=\"https:\/\/forteunderwriters.com\/wp-content\/uploads\/2016\/07\/ThinkstockPhotos-480550180-1024x1024.jpg\" \/>\n<meta name=\"twitter:card\" content=\"summary_large_image\" \/>\n<meta name=\"twitter:label1\" content=\"Tiempo de lectura\" \/>\n\t<meta name=\"twitter:data1\" content=\"1 minuto\" \/>\n<script type=\"application\/ld+json\" class=\"yoast-schema-graph\">{\"@context\":\"https:\\\/\\\/schema.org\",\"@graph\":[{\"@type\":\"WebPage\",\"@id\":\"https:\\\/\\\/forteunderwriters.com\\\/pt\\\/marine-cargo\\\/\",\"url\":\"https:\\\/\\\/forteunderwriters.com\\\/pt\\\/marine-cargo\\\/\",\"name\":\"Mar\u00edtimo - Carga - Forte Underwriters\",\"isPartOf\":{\"@id\":\"https:\\\/\\\/forteunderwriters.com\\\/es\\\/#website\"},\"primaryImageOfPage\":{\"@id\":\"https:\\\/\\\/forteunderwriters.com\\\/pt\\\/marine-cargo\\\/#primaryimage\"},\"image\":{\"@id\":\"https:\\\/\\\/forteunderwriters.com\\\/pt\\\/marine-cargo\\\/#primaryimage\"},\"thumbnailUrl\":\"https:\\\/\\\/forteunderwriters.com\\\/wp-content\\\/uploads\\\/2016\\\/07\\\/ThinkstockPhotos-480550180-1024x1024.jpg\",\"datePublished\":\"2016-07-16T00:33:18+00:00\",\"dateModified\":\"2022-03-22T18:03:00+00:00\",\"breadcrumb\":{\"@id\":\"https:\\\/\\\/forteunderwriters.com\\\/pt\\\/marine-cargo\\\/#breadcrumb\"},\"inLanguage\":\"es\",\"potentialAction\":[{\"@type\":\"ReadAction\",\"target\":[\"https:\\\/\\\/forteunderwriters.com\\\/pt\\\/marine-cargo\\\/\"]}]},{\"@type\":\"ImageObject\",\"inLanguage\":\"es\",\"@id\":\"https:\\\/\\\/forteunderwriters.com\\\/pt\\\/marine-cargo\\\/#primaryimage\",\"url\":\"https:\\\/\\\/forteunderwriters.com\\\/wp-content\\\/uploads\\\/2016\\\/07\\\/ThinkstockPhotos-480550180-1024x1024.jpg\",\"contentUrl\":\"https:\\\/\\\/forteunderwriters.com\\\/wp-content\\\/uploads\\\/2016\\\/07\\\/ThinkstockPhotos-480550180-1024x1024.jpg\"},{\"@type\":\"BreadcrumbList\",\"@id\":\"https:\\\/\\\/forteunderwriters.com\\\/pt\\\/marine-cargo\\\/#breadcrumb\",\"itemListElement\":[{\"@type\":\"ListItem\",\"position\":1,\"name\":\"Home\",\"item\":\"https:\\\/\\\/forteunderwriters.com\\\/es\\\/\"},{\"@type\":\"ListItem\",\"position\":2,\"name\":\"Transportes Mar\u00edtimos\"}]},{\"@type\":\"WebSite\",\"@id\":\"https:\\\/\\\/forteunderwriters.com\\\/es\\\/#website\",\"url\":\"https:\\\/\\\/forteunderwriters.com\\\/es\\\/\",\"name\":\"Forte Underwriters\",\"description\":\"\",\"potentialAction\":[{\"@type\":\"SearchAction\",\"target\":{\"@type\":\"EntryPoint\",\"urlTemplate\":\"https:\\\/\\\/forteunderwriters.com\\\/es\\\/?s={search_term_string}\"},\"query-input\":{\"@type\":\"PropertyValueSpecification\",\"valueRequired\":true,\"valueName\":\"search_term_string\"}}],\"inLanguage\":\"es\"}]}<\/script>\n<!-- \/ Yoast SEO plugin. -->","yoast_head_json":{"title":"Mar\u00edtimo - Carga - Forte Underwriters","robots":{"index":"index","follow":"follow","max-snippet":"max-snippet:-1","max-image-preview":"max-image-preview:large","max-video-preview":"max-video-preview:-1"},"canonical":"https:\/\/forteunderwriters.com\/pt\/marine-cargo\/","og_locale":"es_ES","og_type":"article","og_title":"Mar\u00edtimo - Carga - Forte Underwriters","og_description":"Haga clic aqu\u00ed para PDK Enlace FORTE proporciona soporte de reaseguro facultativo para una amplia gama de riesgos de carga \/ transportes en Am\u00e9rica Latina y el Caribe. La capacidad de suscripci\u00f3n que ofrece FORTE proviene de aseguradoras y reaseguradores de primera l\u00ednea tanto en Europa y Londres.","og_url":"https:\/\/forteunderwriters.com\/pt\/marine-cargo\/","og_site_name":"Forte Underwriters","article_modified_time":"2022-03-22T18:03:00+00:00","og_image":[{"url":"https:\/\/forteunderwriters.com\/wp-content\/uploads\/2016\/07\/ThinkstockPhotos-480550180-1024x1024.jpg","type":"","width":"","height":""}],"twitter_card":"summary_large_image","twitter_misc":{"Tiempo de lectura":"1 minuto"},"schema":{"@context":"https:\/\/schema.org","@graph":[{"@type":"WebPage","@id":"https:\/\/forteunderwriters.com\/pt\/marine-cargo\/","url":"https:\/\/forteunderwriters.com\/pt\/marine-cargo\/","name":"Mar\u00edtimo - Carga - Forte Underwriters","isPartOf":{"@id":"https:\/\/forteunderwriters.com\/es\/#website"},"primaryImageOfPage":{"@id":"https:\/\/forteunderwriters.com\/pt\/marine-cargo\/#primaryimage"},"image":{"@id":"https:\/\/forteunderwriters.com\/pt\/marine-cargo\/#primaryimage"},"thumbnailUrl":"https:\/\/forteunderwriters.com\/wp-content\/uploads\/2016\/07\/ThinkstockPhotos-480550180-1024x1024.jpg","datePublished":"2016-07-16T00:33:18+00:00","dateModified":"2022-03-22T18:03:00+00:00","breadcrumb":{"@id":"https:\/\/forteunderwriters.com\/pt\/marine-cargo\/#breadcrumb"},"inLanguage":"es","potentialAction":[{"@type":"ReadAction","target":["https:\/\/forteunderwriters.com\/pt\/marine-cargo\/"]}]},{"@type":"ImageObject","inLanguage":"es","@id":"https:\/\/forteunderwriters.com\/pt\/marine-cargo\/#primaryimage","url":"https:\/\/forteunderwriters.com\/wp-content\/uploads\/2016\/07\/ThinkstockPhotos-480550180-1024x1024.jpg","contentUrl":"https:\/\/forteunderwriters.com\/wp-content\/uploads\/2016\/07\/ThinkstockPhotos-480550180-1024x1024.jpg"},{"@type":"BreadcrumbList","@id":"https:\/\/forteunderwriters.com\/pt\/marine-cargo\/#breadcrumb","itemListElement":[{"@type":"ListItem","position":1,"name":"Home","item":"https:\/\/forteunderwriters.com\/es\/"},{"@type":"ListItem","position":2,"name":"Transportes Mar\u00edtimos"}]},{"@type":"WebSite","@id":"https:\/\/forteunderwriters.com\/es\/#website","url":"https:\/\/forteunderwriters.com\/es\/","name":"Forte Underwriters","description":"","potentialAction":[{"@type":"SearchAction","target":{"@type":"EntryPoint","urlTemplate":"https:\/\/forteunderwriters.com\/es\/?s={search_term_string}"},"query-input":{"@type":"PropertyValueSpecification","valueRequired":true,"valueName":"search_term_string"}}],"inLanguage":"es"}]}},"_links":{"self":[{"href":"https:\/\/forteunderwriters.com\/es\/wp-json\/wp\/v2\/pages\/274","targetHints":{"allow":["GET"]}}],"collection":[{"href":"https:\/\/forteunderwriters.com\/es\/wp-json\/wp\/v2\/pages"}],"about":[{"href":"https:\/\/forteunderwriters.com\/es\/wp-json\/wp\/v2\/types\/page"}],"author":[{"embeddable":true,"href":"https:\/\/forteunderwriters.com\/es\/wp-json\/wp\/v2\/users\/1"}],"replies":[{"embeddable":true,"href":"https:\/\/forteunderwriters.com\/es\/wp-json\/wp\/v2\/comments?post=274"}],"version-history":[{"count":10,"href":"https:\/\/forteunderwriters.com\/es\/wp-json\/wp\/v2\/pages\/274\/revisions"}],"predecessor-version":[{"id":528,"href":"https:\/\/forteunderwriters.com\/es\/wp-json\/wp\/v2\/pages\/274\/revisions\/528"}],"wp:attachment":[{"href":"https:\/\/forteunderwriters.com\/es\/wp-json\/wp\/v2\/media?parent=274"}],"curies":[{"name":"wp","href":"https:\/\/api.w.org\/{rel}","templated":true}]}}