{"id":236,"date":"2015-08-31T16:52:14","date_gmt":"2015-08-31T16:52:14","guid":{"rendered":"https:\/\/forteunderwriters.com\/?page_id=236"},"modified":"2022-03-22T18:04:48","modified_gmt":"2022-03-22T18:04:48","slug":"yachts","status":"publish","type":"page","link":"https:\/\/forteunderwriters.com\/es\/yachts\/","title":{"rendered":"Yates"},"content":{"rendered":"<p><a href=\"https:\/\/forteunderwriters.com\/wp-content\/uploads\/2022\/03\/forte-Yates.pdf\" target=\"_blank\" rel=\"noopener\">Haga clic aqu\u00ed para PDK Enlace<\/a><\/p>\n<p>FORTE tiene una importante cartera de seguros y reaseguros de yates en Latinoam\u00e9rica y el Caribe.<\/p>\n<p>FORTE ofrece seguros y reaseguros para todo tipo de embarcaciones, incluyendo &#8216;mega-yates&#8217;.<\/p>\n<p>El equipo de FORTE tiene la experiencia t\u00e9cnica para dise\u00f1ar p\u00f3lizas a la medida de las necesidades de los clientes, dependiendo de los requerimientos dentro del marco legal del mercado local.<\/p>\n<p>FORTE trabaja en estrecha colaboraci\u00f3n con suscriptores l\u00edderes en yates tanto en Estados Unidos como en Europa y Londres.<\/p>\n<p>&nbsp;<\/p>\n<p><div class=\"row\"><div class=\"col-sm-6\">\n<p><a href=\"https:\/\/forteunderwriters.com\/wp-content\/uploads\/2015\/08\/ThinkstockPhotos-527551248.jpg\"><img loading=\"lazy\" decoding=\"async\" class=\"alignnone wp-image-307 size-full\" src=\"https:\/\/forteunderwriters.com\/wp-content\/uploads\/2015\/08\/ThinkstockPhotos-527551248.jpg\" width=\"724\" height=\"483\" srcset=\"https:\/\/forteunderwriters.com\/wp-content\/uploads\/2015\/08\/ThinkstockPhotos-527551248.jpg 724w, https:\/\/forteunderwriters.com\/wp-content\/uploads\/2015\/08\/ThinkstockPhotos-527551248-768x512.jpg 768w\" sizes=\"auto, (max-width: 724px) 100vw, 724px\" \/><\/a><\/p>\n<p><\/p><\/div><div class=\"col-sm-6\">\n<h4><span style=\"color: #d7df23;\"><strong>Productos<\/strong><\/span><\/h4>\n<ul>\n<li>Casco y Maquinaria<\/li>\n<li>Valor Incrementado<\/li>\n<li>Gastos M\u00e9dicos<\/li>\n<li>Seguro de Accidentes Personales<\/li>\n<li>Protecci\u00f3n e Indemnizaci\u00f3n (P&amp;I)<\/li>\n<li>Guerra y Terrorismo<\/li>\n<\/ul>\n<p><\/p><\/div><\/div><\/p>","protected":false},"excerpt":{"rendered":"<p>Haga clic aqu\u00ed para PDK Enlace FORTE tiene una importante cartera de seguros y reaseguros de yates en Latinoam\u00e9rica y el Caribe. FORTE ofrece seguros y reaseguros para todo tipo de embarcaciones, incluyendo &#8216;mega-yates&#8217;. El equipo de FORTE tiene la experiencia t\u00e9cnica para dise\u00f1ar p\u00f3lizas a la medida de las necesidades de los clientes, dependiendo [&hellip;]<\/p>\n","protected":false},"author":1,"featured_media":0,"parent":0,"menu_order":0,"comment_status":"closed","ping_status":"closed","template":"","meta":{"_acf_changed":false,"footnotes":""},"class_list":["post-236","page","type-page","status-publish","hentry"],"acf":[],"yoast_head":"<!-- This site is optimized with the Yoast SEO plugin v27.4 - https:\/\/yoast.com\/product\/yoast-seo-wordpress\/ -->\n<title>Yates - Forte Underwriters<\/title>\n<meta name=\"robots\" content=\"index, follow, max-snippet:-1, max-image-preview:large, max-video-preview:-1\" \/>\n<link rel=\"canonical\" href=\"https:\/\/forteunderwriters.com\/pt\/yachts\/\" \/>\n<meta property=\"og:locale\" content=\"es_ES\" \/>\n<meta property=\"og:type\" content=\"article\" \/>\n<meta property=\"og:title\" content=\"Yates - Forte Underwriters\" \/>\n<meta property=\"og:description\" content=\"Haga clic aqu\u00ed para PDK Enlace FORTE tiene una importante cartera de seguros y reaseguros de yates en Latinoam\u00e9rica y el Caribe. FORTE ofrece seguros y reaseguros para todo tipo de embarcaciones, incluyendo &#8216;mega-yates&#8217;. El equipo de FORTE tiene la experiencia t\u00e9cnica para dise\u00f1ar p\u00f3lizas a la medida de las necesidades de los clientes, dependiendo [&hellip;]\" \/>\n<meta property=\"og:url\" content=\"https:\/\/forteunderwriters.com\/pt\/yachts\/\" \/>\n<meta property=\"og:site_name\" content=\"Forte Underwriters\" \/>\n<meta property=\"article:modified_time\" content=\"2022-03-22T18:04:48+00:00\" \/>\n<meta property=\"og:image\" content=\"https:\/\/forteunderwriters.com\/wp-content\/uploads\/2015\/08\/ThinkstockPhotos-527551248.jpg\" \/>\n<meta name=\"twitter:card\" content=\"summary_large_image\" \/>\n<meta name=\"twitter:label1\" content=\"Tiempo de lectura\" \/>\n\t<meta name=\"twitter:data1\" content=\"1 minuto\" \/>\n<script type=\"application\/ld+json\" class=\"yoast-schema-graph\">{\"@context\":\"https:\\\/\\\/schema.org\",\"@graph\":[{\"@type\":\"WebPage\",\"@id\":\"https:\\\/\\\/forteunderwriters.com\\\/pt\\\/yachts\\\/\",\"url\":\"https:\\\/\\\/forteunderwriters.com\\\/pt\\\/yachts\\\/\",\"name\":\"Yates - Forte Underwriters\",\"isPartOf\":{\"@id\":\"https:\\\/\\\/forteunderwriters.com\\\/es\\\/#website\"},\"primaryImageOfPage\":{\"@id\":\"https:\\\/\\\/forteunderwriters.com\\\/pt\\\/yachts\\\/#primaryimage\"},\"image\":{\"@id\":\"https:\\\/\\\/forteunderwriters.com\\\/pt\\\/yachts\\\/#primaryimage\"},\"thumbnailUrl\":\"https:\\\/\\\/forteunderwriters.com\\\/wp-content\\\/uploads\\\/2015\\\/08\\\/ThinkstockPhotos-527551248.jpg\",\"datePublished\":\"2015-08-31T16:52:14+00:00\",\"dateModified\":\"2022-03-22T18:04:48+00:00\",\"breadcrumb\":{\"@id\":\"https:\\\/\\\/forteunderwriters.com\\\/pt\\\/yachts\\\/#breadcrumb\"},\"inLanguage\":\"es\",\"potentialAction\":[{\"@type\":\"ReadAction\",\"target\":[\"https:\\\/\\\/forteunderwriters.com\\\/pt\\\/yachts\\\/\"]}]},{\"@type\":\"ImageObject\",\"inLanguage\":\"es\",\"@id\":\"https:\\\/\\\/forteunderwriters.com\\\/pt\\\/yachts\\\/#primaryimage\",\"url\":\"https:\\\/\\\/forteunderwriters.com\\\/wp-content\\\/uploads\\\/2015\\\/08\\\/ThinkstockPhotos-527551248.jpg\",\"contentUrl\":\"https:\\\/\\\/forteunderwriters.com\\\/wp-content\\\/uploads\\\/2015\\\/08\\\/ThinkstockPhotos-527551248.jpg\"},{\"@type\":\"BreadcrumbList\",\"@id\":\"https:\\\/\\\/forteunderwriters.com\\\/pt\\\/yachts\\\/#breadcrumb\",\"itemListElement\":[{\"@type\":\"ListItem\",\"position\":1,\"name\":\"Home\",\"item\":\"https:\\\/\\\/forteunderwriters.com\\\/es\\\/\"},{\"@type\":\"ListItem\",\"position\":2,\"name\":\"IATES\"}]},{\"@type\":\"WebSite\",\"@id\":\"https:\\\/\\\/forteunderwriters.com\\\/es\\\/#website\",\"url\":\"https:\\\/\\\/forteunderwriters.com\\\/es\\\/\",\"name\":\"Forte Underwriters\",\"description\":\"\",\"potentialAction\":[{\"@type\":\"SearchAction\",\"target\":{\"@type\":\"EntryPoint\",\"urlTemplate\":\"https:\\\/\\\/forteunderwriters.com\\\/es\\\/?s={search_term_string}\"},\"query-input\":{\"@type\":\"PropertyValueSpecification\",\"valueRequired\":true,\"valueName\":\"search_term_string\"}}],\"inLanguage\":\"es\"}]}<\/script>\n<!-- \/ Yoast SEO plugin. -->","yoast_head_json":{"title":"Yates - Forte Underwriters","robots":{"index":"index","follow":"follow","max-snippet":"max-snippet:-1","max-image-preview":"max-image-preview:large","max-video-preview":"max-video-preview:-1"},"canonical":"https:\/\/forteunderwriters.com\/pt\/yachts\/","og_locale":"es_ES","og_type":"article","og_title":"Yates - Forte Underwriters","og_description":"Haga clic aqu\u00ed para PDK Enlace FORTE tiene una importante cartera de seguros y reaseguros de yates en Latinoam\u00e9rica y el Caribe. FORTE ofrece seguros y reaseguros para todo tipo de embarcaciones, incluyendo &#8216;mega-yates&#8217;. El equipo de FORTE tiene la experiencia t\u00e9cnica para dise\u00f1ar p\u00f3lizas a la medida de las necesidades de los clientes, dependiendo [&hellip;]","og_url":"https:\/\/forteunderwriters.com\/pt\/yachts\/","og_site_name":"Forte Underwriters","article_modified_time":"2022-03-22T18:04:48+00:00","og_image":[{"url":"https:\/\/forteunderwriters.com\/wp-content\/uploads\/2015\/08\/ThinkstockPhotos-527551248.jpg","type":"","width":"","height":""}],"twitter_card":"summary_large_image","twitter_misc":{"Tiempo de lectura":"1 minuto"},"schema":{"@context":"https:\/\/schema.org","@graph":[{"@type":"WebPage","@id":"https:\/\/forteunderwriters.com\/pt\/yachts\/","url":"https:\/\/forteunderwriters.com\/pt\/yachts\/","name":"Yates - Forte Underwriters","isPartOf":{"@id":"https:\/\/forteunderwriters.com\/es\/#website"},"primaryImageOfPage":{"@id":"https:\/\/forteunderwriters.com\/pt\/yachts\/#primaryimage"},"image":{"@id":"https:\/\/forteunderwriters.com\/pt\/yachts\/#primaryimage"},"thumbnailUrl":"https:\/\/forteunderwriters.com\/wp-content\/uploads\/2015\/08\/ThinkstockPhotos-527551248.jpg","datePublished":"2015-08-31T16:52:14+00:00","dateModified":"2022-03-22T18:04:48+00:00","breadcrumb":{"@id":"https:\/\/forteunderwriters.com\/pt\/yachts\/#breadcrumb"},"inLanguage":"es","potentialAction":[{"@type":"ReadAction","target":["https:\/\/forteunderwriters.com\/pt\/yachts\/"]}]},{"@type":"ImageObject","inLanguage":"es","@id":"https:\/\/forteunderwriters.com\/pt\/yachts\/#primaryimage","url":"https:\/\/forteunderwriters.com\/wp-content\/uploads\/2015\/08\/ThinkstockPhotos-527551248.jpg","contentUrl":"https:\/\/forteunderwriters.com\/wp-content\/uploads\/2015\/08\/ThinkstockPhotos-527551248.jpg"},{"@type":"BreadcrumbList","@id":"https:\/\/forteunderwriters.com\/pt\/yachts\/#breadcrumb","itemListElement":[{"@type":"ListItem","position":1,"name":"Home","item":"https:\/\/forteunderwriters.com\/es\/"},{"@type":"ListItem","position":2,"name":"IATES"}]},{"@type":"WebSite","@id":"https:\/\/forteunderwriters.com\/es\/#website","url":"https:\/\/forteunderwriters.com\/es\/","name":"Forte Underwriters","description":"","potentialAction":[{"@type":"SearchAction","target":{"@type":"EntryPoint","urlTemplate":"https:\/\/forteunderwriters.com\/es\/?s={search_term_string}"},"query-input":{"@type":"PropertyValueSpecification","valueRequired":true,"valueName":"search_term_string"}}],"inLanguage":"es"}]}},"_links":{"self":[{"href":"https:\/\/forteunderwriters.com\/es\/wp-json\/wp\/v2\/pages\/236","targetHints":{"allow":["GET"]}}],"collection":[{"href":"https:\/\/forteunderwriters.com\/es\/wp-json\/wp\/v2\/pages"}],"about":[{"href":"https:\/\/forteunderwriters.com\/es\/wp-json\/wp\/v2\/types\/page"}],"author":[{"embeddable":true,"href":"https:\/\/forteunderwriters.com\/es\/wp-json\/wp\/v2\/users\/1"}],"replies":[{"embeddable":true,"href":"https:\/\/forteunderwriters.com\/es\/wp-json\/wp\/v2\/comments?post=236"}],"version-history":[{"count":10,"href":"https:\/\/forteunderwriters.com\/es\/wp-json\/wp\/v2\/pages\/236\/revisions"}],"predecessor-version":[{"id":532,"href":"https:\/\/forteunderwriters.com\/es\/wp-json\/wp\/v2\/pages\/236\/revisions\/532"}],"wp:attachment":[{"href":"https:\/\/forteunderwriters.com\/es\/wp-json\/wp\/v2\/media?parent=236"}],"curies":[{"name":"wp","href":"https:\/\/api.w.org\/{rel}","templated":true}]}}