{"id":211,"date":"2015-08-21T02:18:19","date_gmt":"2015-08-21T02:18:19","guid":{"rendered":"https:\/\/forteunderwriters.com\/?page_id=211"},"modified":"2016-08-12T16:53:37","modified_gmt":"2016-08-12T16:53:37","slug":"the-group","status":"publish","type":"page","link":"https:\/\/forteunderwriters.com\/es\/the-group\/","title":{"rendered":"El Grupo"},"content":{"rendered":"<p>El GRUPO incluye tanto intermediaci\u00f3n de Reaseguro como apoyo de suscripci\u00f3n para nuestros clientes en Am\u00e9rica Latina y el Caribe.<\/p>\n<p>MEXBRIT (mexbrit.com) proporciona los servicios de intermediaci\u00f3n a trav\u00e9s de varias entidades del grupo con sede en Miami y oficinas en toda Am\u00e9rica Latina.<\/p>\n<p>FORTE UNDERWRITERS proporciona capacidad de Reaseguro para clases especializadas respaldados por reaseguradores de primera categor\u00eda.<\/p>\n<p>&nbsp;<\/p>\n<p><div class=\"row\"><div class=\"col-xs-4\">\n<p><a href=\"https:\/\/forteunderwriters.com\/wp-content\/uploads\/2015\/08\/the-group-img-300x162.jpg\"><img loading=\"lazy\" decoding=\"async\" class=\"alignnone size-full wp-image-311\" src=\"https:\/\/forteunderwriters.com\/wp-content\/uploads\/2015\/08\/the-group-img-300x162.jpg\" alt=\"the-group-img-300x162\" width=\"300\" height=\"162\" srcset=\"https:\/\/forteunderwriters.com\/wp-content\/uploads\/2015\/08\/the-group-img-300x162.jpg 300w, https:\/\/forteunderwriters.com\/wp-content\/uploads\/2015\/08\/the-group-img-300x162-768x414.jpg 768w\" sizes=\"auto, (max-width: 300px) 100vw, 300px\" \/><\/a><\/p>\n<p><\/p><\/div><div class=\"col-xs-8\">\n<h4><span style=\"color: #d7df23;\">MEXBRIT (MXB)<\/span><\/h4>\n<ul class=\"unorder-list\">\n<li>M\u00e1s de 48 a\u00f1os como intermediario de reaseguros privado que opera en Am\u00e9rica Latina y el Caribe<\/li>\n<\/ul>\n<h4><span style=\"color: #d7df23;\">FORTE UNDERWRITERS<\/span><\/h4>\n<ul class=\"unorder-list\">\n<li>Nace en 2001 como MXB Underwriters, pero en 2014 creamos una entidad separada (FORTE) que opera como Administrador de Intermediaci\u00f3n de Reaseguro.<\/li>\n<\/ul>\n<p><\/p><\/div><\/div><\/p>","protected":false},"excerpt":{"rendered":"<p>El GRUPO incluye tanto intermediaci\u00f3n de Reaseguro como apoyo de suscripci\u00f3n para nuestros clientes en Am\u00e9rica Latina y el Caribe. MEXBRIT (mexbrit.com) proporciona los servicios de intermediaci\u00f3n a trav\u00e9s de varias entidades del grupo con sede en Miami y oficinas en toda Am\u00e9rica Latina. FORTE UNDERWRITERS proporciona capacidad de Reaseguro para clases especializadas respaldados por [&hellip;]<\/p>\n","protected":false},"author":1,"featured_media":0,"parent":0,"menu_order":0,"comment_status":"closed","ping_status":"closed","template":"","meta":{"_acf_changed":false,"footnotes":""},"class_list":["post-211","page","type-page","status-publish","hentry"],"acf":[],"yoast_head":"<!-- This site is optimized with the Yoast SEO plugin v27.5 - https:\/\/yoast.com\/product\/yoast-seo-wordpress\/ -->\n<title>El Grupo - Forte Underwriters<\/title>\n<meta name=\"robots\" content=\"index, follow, max-snippet:-1, max-image-preview:large, max-video-preview:-1\" \/>\n<link rel=\"canonical\" href=\"https:\/\/forteunderwriters.com\/the-group\/\" \/>\n<meta property=\"og:locale\" content=\"es_ES\" \/>\n<meta property=\"og:type\" content=\"article\" \/>\n<meta property=\"og:title\" content=\"El Grupo - Forte Underwriters\" \/>\n<meta property=\"og:description\" content=\"El GRUPO incluye tanto intermediaci\u00f3n de Reaseguro como apoyo de suscripci\u00f3n para nuestros clientes en Am\u00e9rica Latina y el Caribe. MEXBRIT (mexbrit.com) proporciona los servicios de intermediaci\u00f3n a trav\u00e9s de varias entidades del grupo con sede en Miami y oficinas en toda Am\u00e9rica Latina. FORTE UNDERWRITERS proporciona capacidad de Reaseguro para clases especializadas respaldados por [&hellip;]\" \/>\n<meta property=\"og:url\" content=\"https:\/\/forteunderwriters.com\/the-group\/\" \/>\n<meta property=\"og:site_name\" content=\"Forte Underwriters\" \/>\n<meta property=\"article:modified_time\" content=\"2016-08-12T16:53:37+00:00\" \/>\n<meta property=\"og:image\" content=\"https:\/\/forteunderwriters.com\/wp-content\/uploads\/2015\/08\/the-group-img-300x162.jpg\" \/>\n<meta name=\"twitter:card\" content=\"summary_large_image\" \/>\n<meta name=\"twitter:label1\" content=\"Tiempo de lectura\" \/>\n\t<meta name=\"twitter:data1\" content=\"2 minutos\" \/>\n<script type=\"application\/ld+json\" class=\"yoast-schema-graph\">{\"@context\":\"https:\\\/\\\/schema.org\",\"@graph\":[{\"@type\":\"WebPage\",\"@id\":\"https:\\\/\\\/forteunderwriters.com\\\/the-group\\\/\",\"url\":\"https:\\\/\\\/forteunderwriters.com\\\/the-group\\\/\",\"name\":\"El Grupo - Forte Underwriters\",\"isPartOf\":{\"@id\":\"https:\\\/\\\/forteunderwriters.com\\\/es\\\/#website\"},\"primaryImageOfPage\":{\"@id\":\"https:\\\/\\\/forteunderwriters.com\\\/the-group\\\/#primaryimage\"},\"image\":{\"@id\":\"https:\\\/\\\/forteunderwriters.com\\\/the-group\\\/#primaryimage\"},\"thumbnailUrl\":\"https:\\\/\\\/forteunderwriters.com\\\/wp-content\\\/uploads\\\/2015\\\/08\\\/the-group-img-300x162.jpg\",\"datePublished\":\"2015-08-21T02:18:19+00:00\",\"dateModified\":\"2016-08-12T16:53:37+00:00\",\"breadcrumb\":{\"@id\":\"https:\\\/\\\/forteunderwriters.com\\\/the-group\\\/#breadcrumb\"},\"inLanguage\":\"es\",\"potentialAction\":[{\"@type\":\"ReadAction\",\"target\":[\"https:\\\/\\\/forteunderwriters.com\\\/the-group\\\/\"]}]},{\"@type\":\"ImageObject\",\"inLanguage\":\"es\",\"@id\":\"https:\\\/\\\/forteunderwriters.com\\\/the-group\\\/#primaryimage\",\"url\":\"https:\\\/\\\/forteunderwriters.com\\\/wp-content\\\/uploads\\\/2015\\\/08\\\/the-group-img-300x162.jpg\",\"contentUrl\":\"https:\\\/\\\/forteunderwriters.com\\\/wp-content\\\/uploads\\\/2015\\\/08\\\/the-group-img-300x162.jpg\"},{\"@type\":\"BreadcrumbList\",\"@id\":\"https:\\\/\\\/forteunderwriters.com\\\/the-group\\\/#breadcrumb\",\"itemListElement\":[{\"@type\":\"ListItem\",\"position\":1,\"name\":\"Home\",\"item\":\"https:\\\/\\\/forteunderwriters.com\\\/es\\\/\"},{\"@type\":\"ListItem\",\"position\":2,\"name\":\"The Group\"}]},{\"@type\":\"WebSite\",\"@id\":\"https:\\\/\\\/forteunderwriters.com\\\/es\\\/#website\",\"url\":\"https:\\\/\\\/forteunderwriters.com\\\/es\\\/\",\"name\":\"Forte Underwriters\",\"description\":\"\",\"potentialAction\":[{\"@type\":\"SearchAction\",\"target\":{\"@type\":\"EntryPoint\",\"urlTemplate\":\"https:\\\/\\\/forteunderwriters.com\\\/es\\\/?s={search_term_string}\"},\"query-input\":{\"@type\":\"PropertyValueSpecification\",\"valueRequired\":true,\"valueName\":\"search_term_string\"}}],\"inLanguage\":\"es\"}]}<\/script>\n<!-- \/ Yoast SEO plugin. -->","yoast_head_json":{"title":"El Grupo - Forte Underwriters","robots":{"index":"index","follow":"follow","max-snippet":"max-snippet:-1","max-image-preview":"max-image-preview:large","max-video-preview":"max-video-preview:-1"},"canonical":"https:\/\/forteunderwriters.com\/the-group\/","og_locale":"es_ES","og_type":"article","og_title":"El Grupo - Forte Underwriters","og_description":"El GRUPO incluye tanto intermediaci\u00f3n de Reaseguro como apoyo de suscripci\u00f3n para nuestros clientes en Am\u00e9rica Latina y el Caribe. MEXBRIT (mexbrit.com) proporciona los servicios de intermediaci\u00f3n a trav\u00e9s de varias entidades del grupo con sede en Miami y oficinas en toda Am\u00e9rica Latina. FORTE UNDERWRITERS proporciona capacidad de Reaseguro para clases especializadas respaldados por [&hellip;]","og_url":"https:\/\/forteunderwriters.com\/the-group\/","og_site_name":"Forte Underwriters","article_modified_time":"2016-08-12T16:53:37+00:00","og_image":[{"url":"https:\/\/forteunderwriters.com\/wp-content\/uploads\/2015\/08\/the-group-img-300x162.jpg","type":"","width":"","height":""}],"twitter_card":"summary_large_image","twitter_misc":{"Tiempo de lectura":"2 minutos"},"schema":{"@context":"https:\/\/schema.org","@graph":[{"@type":"WebPage","@id":"https:\/\/forteunderwriters.com\/the-group\/","url":"https:\/\/forteunderwriters.com\/the-group\/","name":"El Grupo - Forte Underwriters","isPartOf":{"@id":"https:\/\/forteunderwriters.com\/es\/#website"},"primaryImageOfPage":{"@id":"https:\/\/forteunderwriters.com\/the-group\/#primaryimage"},"image":{"@id":"https:\/\/forteunderwriters.com\/the-group\/#primaryimage"},"thumbnailUrl":"https:\/\/forteunderwriters.com\/wp-content\/uploads\/2015\/08\/the-group-img-300x162.jpg","datePublished":"2015-08-21T02:18:19+00:00","dateModified":"2016-08-12T16:53:37+00:00","breadcrumb":{"@id":"https:\/\/forteunderwriters.com\/the-group\/#breadcrumb"},"inLanguage":"es","potentialAction":[{"@type":"ReadAction","target":["https:\/\/forteunderwriters.com\/the-group\/"]}]},{"@type":"ImageObject","inLanguage":"es","@id":"https:\/\/forteunderwriters.com\/the-group\/#primaryimage","url":"https:\/\/forteunderwriters.com\/wp-content\/uploads\/2015\/08\/the-group-img-300x162.jpg","contentUrl":"https:\/\/forteunderwriters.com\/wp-content\/uploads\/2015\/08\/the-group-img-300x162.jpg"},{"@type":"BreadcrumbList","@id":"https:\/\/forteunderwriters.com\/the-group\/#breadcrumb","itemListElement":[{"@type":"ListItem","position":1,"name":"Home","item":"https:\/\/forteunderwriters.com\/es\/"},{"@type":"ListItem","position":2,"name":"The Group"}]},{"@type":"WebSite","@id":"https:\/\/forteunderwriters.com\/es\/#website","url":"https:\/\/forteunderwriters.com\/es\/","name":"Forte Underwriters","description":"","potentialAction":[{"@type":"SearchAction","target":{"@type":"EntryPoint","urlTemplate":"https:\/\/forteunderwriters.com\/es\/?s={search_term_string}"},"query-input":{"@type":"PropertyValueSpecification","valueRequired":true,"valueName":"search_term_string"}}],"inLanguage":"es"}]}},"_links":{"self":[{"href":"https:\/\/forteunderwriters.com\/es\/wp-json\/wp\/v2\/pages\/211","targetHints":{"allow":["GET"]}}],"collection":[{"href":"https:\/\/forteunderwriters.com\/es\/wp-json\/wp\/v2\/pages"}],"about":[{"href":"https:\/\/forteunderwriters.com\/es\/wp-json\/wp\/v2\/types\/page"}],"author":[{"embeddable":true,"href":"https:\/\/forteunderwriters.com\/es\/wp-json\/wp\/v2\/users\/1"}],"replies":[{"embeddable":true,"href":"https:\/\/forteunderwriters.com\/es\/wp-json\/wp\/v2\/comments?post=211"}],"version-history":[{"count":6,"href":"https:\/\/forteunderwriters.com\/es\/wp-json\/wp\/v2\/pages\/211\/revisions"}],"predecessor-version":[{"id":388,"href":"https:\/\/forteunderwriters.com\/es\/wp-json\/wp\/v2\/pages\/211\/revisions\/388"}],"wp:attachment":[{"href":"https:\/\/forteunderwriters.com\/es\/wp-json\/wp\/v2\/media?parent=211"}],"curies":[{"name":"wp","href":"https:\/\/api.w.org\/{rel}","templated":true}]}}