{"id":209,"date":"2015-08-21T02:18:07","date_gmt":"2015-08-21T02:18:07","guid":{"rendered":"https:\/\/forteunderwriters.com\/?page_id=209"},"modified":"2016-08-12T16:05:04","modified_gmt":"2016-08-12T16:05:04","slug":"solutions","status":"publish","type":"page","link":"https:\/\/forteunderwriters.com\/es\/solutions\/","title":{"rendered":"Soluciones"},"content":{"rendered":"<p>En FORTE nos enorgullecemos en proveer soluciones creativas a nuestros clientes y reaseguradores mediante el desarrollo de productos personalizados e innovadores.<\/p>\n<p>Soluciones que unen las necesidades de los clientes con la capacidad y la innovaci\u00f3n de los mercados de reaseguro<\/p>\n<p>FORTE continuar\u00e1 construyendo nuevos equipos de suscriptores para ofrecer nuevas soluciones dirigidos a diversos sectores y riesgos.<\/p>\n<p>FORTE da la bienvenida a cualquier consulta y haremos todo lo posible para proporcionar la soluci\u00f3n y servicio m\u00e1s adecuado.<\/p>\n<p>&nbsp;<\/p>\n<p>&nbsp;<\/p>\n<p><div class=\"row\"><div class=\"col-xs-6\">\n<p><a href=\"https:\/\/forteunderwriters.com\/wp-content\/uploads\/2015\/08\/ThinkstockPhotos-518272216.jpg\"><img loading=\"lazy\" decoding=\"async\" class=\"alignnone wp-image-287 size-full\" src=\"https:\/\/forteunderwriters.com\/wp-content\/uploads\/2015\/08\/ThinkstockPhotos-518272216.jpg\" width=\"701\" height=\"498\" srcset=\"https:\/\/forteunderwriters.com\/wp-content\/uploads\/2015\/08\/ThinkstockPhotos-518272216.jpg 701w, https:\/\/forteunderwriters.com\/wp-content\/uploads\/2015\/08\/ThinkstockPhotos-518272216-768x545.jpg 768w\" sizes=\"auto, (max-width: 701px) 100vw, 701px\" \/><\/a><\/p>\n<p><\/p><\/div><div class=\"col-xs-6\">\n<h4><span style=\"color: #d7df23;\">Servicios<\/span><\/h4>\n<p>FORTE ofrece servicios que incluyen:<\/p>\n<ul>\n<li>An\u00e1lisis de las operaciones del cliente y sus exposiciones a riesgos, con un enfoque para mitigarlos y ofrecer soluciones de seguros y reaseguros.<\/li>\n<li>Consultor\u00eda y asesoramiento incluyendo gesti\u00f3n de riesgos y prevenci\u00f3n de p\u00e9rdidas<\/li>\n<li>Condiciones y p\u00f3lizas a la medida de las necesidades y requerimientos del cliente.   <\/li>\n<\/ul>\n<p><\/p><\/div><\/div><\/p>","protected":false},"excerpt":{"rendered":"<p>En FORTE nos enorgullecemos en proveer soluciones creativas a nuestros clientes y reaseguradores mediante el desarrollo de productos personalizados e innovadores. Soluciones que unen las necesidades de los clientes con la capacidad y la innovaci\u00f3n de los mercados de reaseguro FORTE continuar\u00e1 construyendo nuevos equipos de suscriptores para ofrecer nuevas soluciones dirigidos a diversos sectores [&hellip;]<\/p>\n","protected":false},"author":1,"featured_media":0,"parent":0,"menu_order":0,"comment_status":"closed","ping_status":"closed","template":"","meta":{"_acf_changed":false,"footnotes":""},"class_list":["post-209","page","type-page","status-publish","hentry"],"acf":[],"yoast_head":"<!-- This site is optimized with the Yoast SEO plugin v27.4 - https:\/\/yoast.com\/product\/yoast-seo-wordpress\/ -->\n<title>Soluciones - Forte Underwriters<\/title>\n<meta name=\"robots\" content=\"index, follow, max-snippet:-1, max-image-preview:large, max-video-preview:-1\" \/>\n<link rel=\"canonical\" href=\"https:\/\/forteunderwriters.com\/solutions\/\" \/>\n<meta property=\"og:locale\" content=\"es_ES\" \/>\n<meta property=\"og:type\" content=\"article\" \/>\n<meta property=\"og:title\" content=\"Soluciones - Forte Underwriters\" \/>\n<meta property=\"og:description\" content=\"En FORTE nos enorgullecemos en proveer soluciones creativas a nuestros clientes y reaseguradores mediante el desarrollo de productos personalizados e innovadores. Soluciones que unen las necesidades de los clientes con la capacidad y la innovaci\u00f3n de los mercados de reaseguro FORTE continuar\u00e1 construyendo nuevos equipos de suscriptores para ofrecer nuevas soluciones dirigidos a diversos sectores [&hellip;]\" \/>\n<meta property=\"og:url\" content=\"https:\/\/forteunderwriters.com\/solutions\/\" \/>\n<meta property=\"og:site_name\" content=\"Forte Underwriters\" \/>\n<meta property=\"article:modified_time\" content=\"2016-08-12T16:05:04+00:00\" \/>\n<meta property=\"og:image\" content=\"https:\/\/forteunderwriters.com\/wp-content\/uploads\/2015\/08\/ThinkstockPhotos-518272216.jpg\" \/>\n<meta name=\"twitter:card\" content=\"summary_large_image\" \/>\n<meta name=\"twitter:label1\" content=\"Tiempo de lectura\" \/>\n\t<meta name=\"twitter:data1\" content=\"2 minutos\" \/>\n<script type=\"application\/ld+json\" class=\"yoast-schema-graph\">{\"@context\":\"https:\\\/\\\/schema.org\",\"@graph\":[{\"@type\":\"WebPage\",\"@id\":\"https:\\\/\\\/forteunderwriters.com\\\/solutions\\\/\",\"url\":\"https:\\\/\\\/forteunderwriters.com\\\/solutions\\\/\",\"name\":\"Soluciones - Forte Underwriters\",\"isPartOf\":{\"@id\":\"https:\\\/\\\/forteunderwriters.com\\\/es\\\/#website\"},\"primaryImageOfPage\":{\"@id\":\"https:\\\/\\\/forteunderwriters.com\\\/solutions\\\/#primaryimage\"},\"image\":{\"@id\":\"https:\\\/\\\/forteunderwriters.com\\\/solutions\\\/#primaryimage\"},\"thumbnailUrl\":\"https:\\\/\\\/forteunderwriters.com\\\/wp-content\\\/uploads\\\/2015\\\/08\\\/ThinkstockPhotos-518272216.jpg\",\"datePublished\":\"2015-08-21T02:18:07+00:00\",\"dateModified\":\"2016-08-12T16:05:04+00:00\",\"breadcrumb\":{\"@id\":\"https:\\\/\\\/forteunderwriters.com\\\/solutions\\\/#breadcrumb\"},\"inLanguage\":\"es\",\"potentialAction\":[{\"@type\":\"ReadAction\",\"target\":[\"https:\\\/\\\/forteunderwriters.com\\\/solutions\\\/\"]}]},{\"@type\":\"ImageObject\",\"inLanguage\":\"es\",\"@id\":\"https:\\\/\\\/forteunderwriters.com\\\/solutions\\\/#primaryimage\",\"url\":\"https:\\\/\\\/forteunderwriters.com\\\/wp-content\\\/uploads\\\/2015\\\/08\\\/ThinkstockPhotos-518272216.jpg\",\"contentUrl\":\"https:\\\/\\\/forteunderwriters.com\\\/wp-content\\\/uploads\\\/2015\\\/08\\\/ThinkstockPhotos-518272216.jpg\"},{\"@type\":\"BreadcrumbList\",\"@id\":\"https:\\\/\\\/forteunderwriters.com\\\/solutions\\\/#breadcrumb\",\"itemListElement\":[{\"@type\":\"ListItem\",\"position\":1,\"name\":\"Home\",\"item\":\"https:\\\/\\\/forteunderwriters.com\\\/es\\\/\"},{\"@type\":\"ListItem\",\"position\":2,\"name\":\"Solutions\"}]},{\"@type\":\"WebSite\",\"@id\":\"https:\\\/\\\/forteunderwriters.com\\\/es\\\/#website\",\"url\":\"https:\\\/\\\/forteunderwriters.com\\\/es\\\/\",\"name\":\"Forte Underwriters\",\"description\":\"\",\"potentialAction\":[{\"@type\":\"SearchAction\",\"target\":{\"@type\":\"EntryPoint\",\"urlTemplate\":\"https:\\\/\\\/forteunderwriters.com\\\/es\\\/?s={search_term_string}\"},\"query-input\":{\"@type\":\"PropertyValueSpecification\",\"valueRequired\":true,\"valueName\":\"search_term_string\"}}],\"inLanguage\":\"es\"}]}<\/script>\n<!-- \/ Yoast SEO plugin. -->","yoast_head_json":{"title":"Soluciones - Forte Underwriters","robots":{"index":"index","follow":"follow","max-snippet":"max-snippet:-1","max-image-preview":"max-image-preview:large","max-video-preview":"max-video-preview:-1"},"canonical":"https:\/\/forteunderwriters.com\/solutions\/","og_locale":"es_ES","og_type":"article","og_title":"Soluciones - Forte Underwriters","og_description":"En FORTE nos enorgullecemos en proveer soluciones creativas a nuestros clientes y reaseguradores mediante el desarrollo de productos personalizados e innovadores. Soluciones que unen las necesidades de los clientes con la capacidad y la innovaci\u00f3n de los mercados de reaseguro FORTE continuar\u00e1 construyendo nuevos equipos de suscriptores para ofrecer nuevas soluciones dirigidos a diversos sectores [&hellip;]","og_url":"https:\/\/forteunderwriters.com\/solutions\/","og_site_name":"Forte Underwriters","article_modified_time":"2016-08-12T16:05:04+00:00","og_image":[{"url":"https:\/\/forteunderwriters.com\/wp-content\/uploads\/2015\/08\/ThinkstockPhotos-518272216.jpg","type":"","width":"","height":""}],"twitter_card":"summary_large_image","twitter_misc":{"Tiempo de lectura":"2 minutos"},"schema":{"@context":"https:\/\/schema.org","@graph":[{"@type":"WebPage","@id":"https:\/\/forteunderwriters.com\/solutions\/","url":"https:\/\/forteunderwriters.com\/solutions\/","name":"Soluciones - Forte Underwriters","isPartOf":{"@id":"https:\/\/forteunderwriters.com\/es\/#website"},"primaryImageOfPage":{"@id":"https:\/\/forteunderwriters.com\/solutions\/#primaryimage"},"image":{"@id":"https:\/\/forteunderwriters.com\/solutions\/#primaryimage"},"thumbnailUrl":"https:\/\/forteunderwriters.com\/wp-content\/uploads\/2015\/08\/ThinkstockPhotos-518272216.jpg","datePublished":"2015-08-21T02:18:07+00:00","dateModified":"2016-08-12T16:05:04+00:00","breadcrumb":{"@id":"https:\/\/forteunderwriters.com\/solutions\/#breadcrumb"},"inLanguage":"es","potentialAction":[{"@type":"ReadAction","target":["https:\/\/forteunderwriters.com\/solutions\/"]}]},{"@type":"ImageObject","inLanguage":"es","@id":"https:\/\/forteunderwriters.com\/solutions\/#primaryimage","url":"https:\/\/forteunderwriters.com\/wp-content\/uploads\/2015\/08\/ThinkstockPhotos-518272216.jpg","contentUrl":"https:\/\/forteunderwriters.com\/wp-content\/uploads\/2015\/08\/ThinkstockPhotos-518272216.jpg"},{"@type":"BreadcrumbList","@id":"https:\/\/forteunderwriters.com\/solutions\/#breadcrumb","itemListElement":[{"@type":"ListItem","position":1,"name":"Home","item":"https:\/\/forteunderwriters.com\/es\/"},{"@type":"ListItem","position":2,"name":"Solutions"}]},{"@type":"WebSite","@id":"https:\/\/forteunderwriters.com\/es\/#website","url":"https:\/\/forteunderwriters.com\/es\/","name":"Forte Underwriters","description":"","potentialAction":[{"@type":"SearchAction","target":{"@type":"EntryPoint","urlTemplate":"https:\/\/forteunderwriters.com\/es\/?s={search_term_string}"},"query-input":{"@type":"PropertyValueSpecification","valueRequired":true,"valueName":"search_term_string"}}],"inLanguage":"es"}]}},"_links":{"self":[{"href":"https:\/\/forteunderwriters.com\/es\/wp-json\/wp\/v2\/pages\/209","targetHints":{"allow":["GET"]}}],"collection":[{"href":"https:\/\/forteunderwriters.com\/es\/wp-json\/wp\/v2\/pages"}],"about":[{"href":"https:\/\/forteunderwriters.com\/es\/wp-json\/wp\/v2\/types\/page"}],"author":[{"embeddable":true,"href":"https:\/\/forteunderwriters.com\/es\/wp-json\/wp\/v2\/users\/1"}],"replies":[{"embeddable":true,"href":"https:\/\/forteunderwriters.com\/es\/wp-json\/wp\/v2\/comments?post=209"}],"version-history":[{"count":10,"href":"https:\/\/forteunderwriters.com\/es\/wp-json\/wp\/v2\/pages\/209\/revisions"}],"predecessor-version":[{"id":370,"href":"https:\/\/forteunderwriters.com\/es\/wp-json\/wp\/v2\/pages\/209\/revisions\/370"}],"wp:attachment":[{"href":"https:\/\/forteunderwriters.com\/es\/wp-json\/wp\/v2\/media?parent=209"}],"curies":[{"name":"wp","href":"https:\/\/api.w.org\/{rel}","templated":true}]}}