{"id":206,"date":"2015-08-21T02:16:16","date_gmt":"2015-08-21T02:16:16","guid":{"rendered":"https:\/\/forteunderwriters.com\/?page_id=206"},"modified":"2022-03-22T18:02:03","modified_gmt":"2022-03-22T18:02:03","slug":"about-us","status":"publish","type":"page","link":"https:\/\/forteunderwriters.com\/es\/about-us\/","title":{"rendered":"Sobre nosotros"},"content":{"rendered":"<p>FORTE es una agencia de suscripci\u00f3n especializada en Latinoam\u00e9rica que cuenta con una estrategia y trayectoria probadas. Contamos con un grupo de personas que han demostrado durante muchos a\u00f1os su capacidad de proporcionar productos altamente especializados y enfocados a nuestros clientes. Podemos encontrar soluciones para sus riesgos, ya sean sencillos o complejos.<\/p>\n<p>FORTE se compromete a proporcionar a sus clientes mecanismos de mitigaci\u00f3n de riesgos cr\u00edticos y con el servicio que merecen con respuestas r\u00e1pidas a sus solicitudes.<\/p>\n<h4>Las fortalezas de FORTE incluyen un equilibrio de:<\/h4>\n<div class=\"row\"><div class=\"col-sm-4\">\n<p><a href=\"https:\/\/forteunderwriters.com\/wp-content\/uploads\/2015\/08\/ThinkstockPhotos-470165153.jpg\"><img loading=\"lazy\" decoding=\"async\" class=\"alignnone wp-image-341 size-full\" src=\"https:\/\/forteunderwriters.com\/wp-content\/uploads\/2015\/08\/ThinkstockPhotos-470165153.jpg\" width=\"643\" height=\"543\" srcset=\"https:\/\/forteunderwriters.com\/wp-content\/uploads\/2015\/08\/ThinkstockPhotos-470165153.jpg 643w, https:\/\/forteunderwriters.com\/wp-content\/uploads\/2015\/08\/ThinkstockPhotos-470165153-768x648.jpg 768w\" sizes=\"auto, (max-width: 643px) 100vw, 643px\" \/><\/a><\/p>\n<p><\/p><\/div><div class=\"col-sm-8\">\n<ul>\n<li>Toma de decisiones<br \/>\nTener un conocimiento profundo de la materia y la experiencia acumulada, nos permite tomar un curso de acci\u00f3n que se traduce en buenas decisiones, que adem\u00e1s resulta en buenas pr\u00e1cticas de aseguramiento.<br \/>\nEn FORTE Underwriters est\u00e1n capacitados para tomar riesgos, nuestra respuesta es r\u00e1pida y completa trasmitiendo tranquilidad a sus clientes.<br \/>\nFORTE toma buenas decisiones.<\/li>\n<li>Experiencia<br \/>\nEn la suscripci\u00f3n nada es m\u00e1s importante que la experiencia.<br \/>\nLos suscriptores senior de FORTE cuentan con muchos a\u00f1os de experiencia en su campo y se encuentran entre los profesionales m\u00e1s conocidos y respetados de su arte en nuestra regi\u00f3n. Son apoyados por un equipo dedicado de asistentes y colocadores junior. En conjunto, su pensamiento cr\u00edtico les permite identificar las fortalezas y debilidades de los riesgos individuales y encontrar soluciones a las necesidades de los clientes.<br \/>\nLa resoluci\u00f3n de problemas complejos es nuestro fuerte.<\/li>\n<li>Conocimiento<br \/>\nCon la experiencia viene el conocimiento y nuestro equipo utiliza sus conocimientos para garantizar que nuestros clientes siempre tengan el mejor asesoramiento disponible. Nos tomamos el tiempo de escuchar las solicitudes, entendemos cu\u00e1les son sus requisitos. Sin importar la complejidad, nuestros seguros est\u00e1n dise\u00f1ados para satisfacer las diversas necesidades de nuestros clientes.<br \/>\nLas diversas nacionalidades de nuestro equipo nos da una amplia visi\u00f3n a la complejidad de nuestra regi\u00f3n.<br \/>\nFORTE tiene un fuerte equipo multinacional.<\/li>\n<li>Servicio<br \/>\nLa suscripci\u00f3n de las p\u00f3lizas protege las necesidades financieras de los asegurados, pero tambi\u00e9n es importante seguir dando apoyo durante el periodo de vigencia de la p\u00f3liza.<br \/>\nNuestros suscriptores est\u00e1n involucrados en ayudar a los clientes a entender m\u00e1s acerca de los riesgos de seguros. Esto se logra a trav\u00e9s de seminarios de capacitaci\u00f3n y visitas a sus instalaciones.<br \/>\nEste servicio permite un mejor entendimiento entre las partes y conduce a relaciones de \u00e9xito a largo plazo, esto es parte de la raz\u00f3n por qu\u00e9 la cartera de FORTE tiene una tasa de renovaci\u00f3n alta y sigue creciendo en la regi\u00f3n.<\/li>\n<\/ul>\n<p><\/p><\/div><\/div>\n<p><div class=\"row\"><div class=\"col-sm-4\">\n<h4 style=\"margin: 0; padding: 7px 0; font-size: 22px;\">Descarga Nuestro Folleto<\/h4>\n<p><\/p><\/div><div class=\"col-md-8\"><a class=\"btn btn-primary\" href=\"https:\/\/forteunderwriters.com\/wp-content\/uploads\/2022\/03\/final-forte-spn.pdf\" target=\"blank\" rel=\"noopener\">Descarga Nuestro Folleto<\/a><br \/>\n<\/div>\n<p><div class=\"col-sm-8\"><br \/>\n<\/div><br \/>\n<\/p><\/div><\/p>","protected":false},"excerpt":{"rendered":"<p>FORTE es una agencia de suscripci\u00f3n especializada en Latinoam\u00e9rica que cuenta con una estrategia y trayectoria probadas. Contamos con un grupo de personas que han demostrado durante muchos a\u00f1os su capacidad de proporcionar productos altamente especializados y enfocados a nuestros clientes. Podemos encontrar soluciones para sus riesgos, ya sean sencillos o complejos. FORTE se compromete [&hellip;]<\/p>\n","protected":false},"author":1,"featured_media":0,"parent":0,"menu_order":0,"comment_status":"closed","ping_status":"closed","template":"","meta":{"_acf_changed":false,"footnotes":""},"class_list":["post-206","page","type-page","status-publish","hentry"],"acf":[],"yoast_head":"<!-- This site is optimized with the Yoast SEO plugin v27.5 - https:\/\/yoast.com\/product\/yoast-seo-wordpress\/ -->\n<title>Sobre nosotros - Forte Underwriters<\/title>\n<meta name=\"robots\" content=\"index, follow, max-snippet:-1, max-image-preview:large, max-video-preview:-1\" \/>\n<link rel=\"canonical\" href=\"https:\/\/forteunderwriters.com\/about-us\/\" \/>\n<meta property=\"og:locale\" content=\"es_ES\" \/>\n<meta property=\"og:type\" content=\"article\" \/>\n<meta property=\"og:title\" content=\"Sobre nosotros - Forte Underwriters\" \/>\n<meta property=\"og:description\" content=\"FORTE es una agencia de suscripci\u00f3n especializada en Latinoam\u00e9rica que cuenta con una estrategia y trayectoria probadas. Contamos con un grupo de personas que han demostrado durante muchos a\u00f1os su capacidad de proporcionar productos altamente especializados y enfocados a nuestros clientes. Podemos encontrar soluciones para sus riesgos, ya sean sencillos o complejos. FORTE se compromete [&hellip;]\" \/>\n<meta property=\"og:url\" content=\"https:\/\/forteunderwriters.com\/about-us\/\" \/>\n<meta property=\"og:site_name\" content=\"Forte Underwriters\" \/>\n<meta property=\"article:modified_time\" content=\"2022-03-22T18:02:03+00:00\" \/>\n<meta property=\"og:image\" content=\"https:\/\/forteunderwriters.com\/wp-content\/uploads\/2015\/08\/ThinkstockPhotos-470165153.jpg\" \/>\n<meta name=\"twitter:card\" content=\"summary_large_image\" \/>\n<meta name=\"twitter:label1\" content=\"Tiempo de lectura\" \/>\n\t<meta name=\"twitter:data1\" content=\"7 minutos\" \/>\n<script type=\"application\/ld+json\" class=\"yoast-schema-graph\">{\"@context\":\"https:\\\/\\\/schema.org\",\"@graph\":[{\"@type\":\"WebPage\",\"@id\":\"https:\\\/\\\/forteunderwriters.com\\\/about-us\\\/\",\"url\":\"https:\\\/\\\/forteunderwriters.com\\\/about-us\\\/\",\"name\":\"Sobre nosotros - Forte Underwriters\",\"isPartOf\":{\"@id\":\"https:\\\/\\\/forteunderwriters.com\\\/es\\\/#website\"},\"primaryImageOfPage\":{\"@id\":\"https:\\\/\\\/forteunderwriters.com\\\/about-us\\\/#primaryimage\"},\"image\":{\"@id\":\"https:\\\/\\\/forteunderwriters.com\\\/about-us\\\/#primaryimage\"},\"thumbnailUrl\":\"https:\\\/\\\/forteunderwriters.com\\\/wp-content\\\/uploads\\\/2015\\\/08\\\/ThinkstockPhotos-470165153.jpg\",\"datePublished\":\"2015-08-21T02:16:16+00:00\",\"dateModified\":\"2022-03-22T18:02:03+00:00\",\"breadcrumb\":{\"@id\":\"https:\\\/\\\/forteunderwriters.com\\\/about-us\\\/#breadcrumb\"},\"inLanguage\":\"es\",\"potentialAction\":[{\"@type\":\"ReadAction\",\"target\":[\"https:\\\/\\\/forteunderwriters.com\\\/about-us\\\/\"]}]},{\"@type\":\"ImageObject\",\"inLanguage\":\"es\",\"@id\":\"https:\\\/\\\/forteunderwriters.com\\\/about-us\\\/#primaryimage\",\"url\":\"https:\\\/\\\/forteunderwriters.com\\\/wp-content\\\/uploads\\\/2015\\\/08\\\/ThinkstockPhotos-470165153.jpg\",\"contentUrl\":\"https:\\\/\\\/forteunderwriters.com\\\/wp-content\\\/uploads\\\/2015\\\/08\\\/ThinkstockPhotos-470165153.jpg\"},{\"@type\":\"BreadcrumbList\",\"@id\":\"https:\\\/\\\/forteunderwriters.com\\\/about-us\\\/#breadcrumb\",\"itemListElement\":[{\"@type\":\"ListItem\",\"position\":1,\"name\":\"Home\",\"item\":\"https:\\\/\\\/forteunderwriters.com\\\/es\\\/\"},{\"@type\":\"ListItem\",\"position\":2,\"name\":\"About Us\"}]},{\"@type\":\"WebSite\",\"@id\":\"https:\\\/\\\/forteunderwriters.com\\\/es\\\/#website\",\"url\":\"https:\\\/\\\/forteunderwriters.com\\\/es\\\/\",\"name\":\"Forte Underwriters\",\"description\":\"\",\"potentialAction\":[{\"@type\":\"SearchAction\",\"target\":{\"@type\":\"EntryPoint\",\"urlTemplate\":\"https:\\\/\\\/forteunderwriters.com\\\/es\\\/?s={search_term_string}\"},\"query-input\":{\"@type\":\"PropertyValueSpecification\",\"valueRequired\":true,\"valueName\":\"search_term_string\"}}],\"inLanguage\":\"es\"}]}<\/script>\n<!-- \/ Yoast SEO plugin. -->","yoast_head_json":{"title":"Sobre nosotros - Forte Underwriters","robots":{"index":"index","follow":"follow","max-snippet":"max-snippet:-1","max-image-preview":"max-image-preview:large","max-video-preview":"max-video-preview:-1"},"canonical":"https:\/\/forteunderwriters.com\/about-us\/","og_locale":"es_ES","og_type":"article","og_title":"Sobre nosotros - Forte Underwriters","og_description":"FORTE es una agencia de suscripci\u00f3n especializada en Latinoam\u00e9rica que cuenta con una estrategia y trayectoria probadas. Contamos con un grupo de personas que han demostrado durante muchos a\u00f1os su capacidad de proporcionar productos altamente especializados y enfocados a nuestros clientes. Podemos encontrar soluciones para sus riesgos, ya sean sencillos o complejos. FORTE se compromete [&hellip;]","og_url":"https:\/\/forteunderwriters.com\/about-us\/","og_site_name":"Forte Underwriters","article_modified_time":"2022-03-22T18:02:03+00:00","og_image":[{"url":"https:\/\/forteunderwriters.com\/wp-content\/uploads\/2015\/08\/ThinkstockPhotos-470165153.jpg","type":"","width":"","height":""}],"twitter_card":"summary_large_image","twitter_misc":{"Tiempo de lectura":"7 minutos"},"schema":{"@context":"https:\/\/schema.org","@graph":[{"@type":"WebPage","@id":"https:\/\/forteunderwriters.com\/about-us\/","url":"https:\/\/forteunderwriters.com\/about-us\/","name":"Sobre nosotros - Forte Underwriters","isPartOf":{"@id":"https:\/\/forteunderwriters.com\/es\/#website"},"primaryImageOfPage":{"@id":"https:\/\/forteunderwriters.com\/about-us\/#primaryimage"},"image":{"@id":"https:\/\/forteunderwriters.com\/about-us\/#primaryimage"},"thumbnailUrl":"https:\/\/forteunderwriters.com\/wp-content\/uploads\/2015\/08\/ThinkstockPhotos-470165153.jpg","datePublished":"2015-08-21T02:16:16+00:00","dateModified":"2022-03-22T18:02:03+00:00","breadcrumb":{"@id":"https:\/\/forteunderwriters.com\/about-us\/#breadcrumb"},"inLanguage":"es","potentialAction":[{"@type":"ReadAction","target":["https:\/\/forteunderwriters.com\/about-us\/"]}]},{"@type":"ImageObject","inLanguage":"es","@id":"https:\/\/forteunderwriters.com\/about-us\/#primaryimage","url":"https:\/\/forteunderwriters.com\/wp-content\/uploads\/2015\/08\/ThinkstockPhotos-470165153.jpg","contentUrl":"https:\/\/forteunderwriters.com\/wp-content\/uploads\/2015\/08\/ThinkstockPhotos-470165153.jpg"},{"@type":"BreadcrumbList","@id":"https:\/\/forteunderwriters.com\/about-us\/#breadcrumb","itemListElement":[{"@type":"ListItem","position":1,"name":"Home","item":"https:\/\/forteunderwriters.com\/es\/"},{"@type":"ListItem","position":2,"name":"About Us"}]},{"@type":"WebSite","@id":"https:\/\/forteunderwriters.com\/es\/#website","url":"https:\/\/forteunderwriters.com\/es\/","name":"Forte Underwriters","description":"","potentialAction":[{"@type":"SearchAction","target":{"@type":"EntryPoint","urlTemplate":"https:\/\/forteunderwriters.com\/es\/?s={search_term_string}"},"query-input":{"@type":"PropertyValueSpecification","valueRequired":true,"valueName":"search_term_string"}}],"inLanguage":"es"}]}},"_links":{"self":[{"href":"https:\/\/forteunderwriters.com\/es\/wp-json\/wp\/v2\/pages\/206","targetHints":{"allow":["GET"]}}],"collection":[{"href":"https:\/\/forteunderwriters.com\/es\/wp-json\/wp\/v2\/pages"}],"about":[{"href":"https:\/\/forteunderwriters.com\/es\/wp-json\/wp\/v2\/types\/page"}],"author":[{"embeddable":true,"href":"https:\/\/forteunderwriters.com\/es\/wp-json\/wp\/v2\/users\/1"}],"replies":[{"embeddable":true,"href":"https:\/\/forteunderwriters.com\/es\/wp-json\/wp\/v2\/comments?post=206"}],"version-history":[{"count":10,"href":"https:\/\/forteunderwriters.com\/es\/wp-json\/wp\/v2\/pages\/206\/revisions"}],"predecessor-version":[{"id":526,"href":"https:\/\/forteunderwriters.com\/es\/wp-json\/wp\/v2\/pages\/206\/revisions\/526"}],"wp:attachment":[{"href":"https:\/\/forteunderwriters.com\/es\/wp-json\/wp\/v2\/media?parent=206"}],"curies":[{"name":"wp","href":"https:\/\/api.w.org\/{rel}","templated":true}]}}